{"id":969,"date":"2022-07-25T13:57:26","date_gmt":"2022-07-25T11:57:26","guid":{"rendered":"https:\/\/netco.lasolutionglobale.be\/?page_id=969"},"modified":"2022-10-06T13:57:24","modified_gmt":"2022-10-06T11:57:24","slug":"elevateurs-a-godets","status":"publish","type":"page","link":"https:\/\/www.groupe-netco.com\/fr\/services-et-produits\/produits\/elevateurs-a-godets","title":{"rendered":"\u00c9l\u00e9vateurs \u00e0 godets"},"content":{"rendered":"<nav class=\"breadcrumbs\" aria-label=\"Fil d\u2019Ariane\"><a href=\"https:\/\/www.groupe-netco.com\/fr\" class=\"breadcrumb breadcrumb--first\">Accueil<\/a><\/nav>\n\n\n\n<h2 class=\"wp-block-heading\">D\u00e9couvrez nos offres de produits techniques<\/h2>\n\n\n\n<div class=\"wp-block-columns is-layout-flex wp-container-core-columns-is-layout-9d6595d7 wp-block-columns-is-layout-flex\">\n<div class=\"wp-block-column is-layout-flow wp-block-column-is-layout-flow\" style=\"flex-basis:33%\"><\/div>\n\n\n\n<div class=\"wp-block-column is-layout-flow wp-block-column-is-layout-flow\" style=\"flex-basis:33%\">\n<style>\n\t#hotspot-1298 .hotspots-image-container,\n\t#hotspot-1298 .leaflet-container {\n\t\tbackground: #efefef\t}\n\n\t#hotspot-1298 .hotspots-placeholder,\n\t.featherlight .featherlight-content.lightbox-1298 {\n\t\tbackground: #ffffff;\n\t\tborder: 0 #ffffff solid;\n\t\tcolor: #000000;\n\t}\n\n\t#hotspot-1298 .hotspot-title,\n\t#hotspot-1298 .bc-product__title a,\n\t.featherlight .featherlight-content.lightbox-1298 .hotspot-title,\n\t.featherlight .featherlight-content.lightbox-1298 .bc-product__title a {\n\t\tcolor: #000000;\n\t}\n\n\t\t\t#hotspot-1298 .hotspot-Custom {\n\t\t\tstroke-width: 1;\n\t\t\tfill: #ffffff;\n\t\t\tfill-opacity: 0;\n\t\t\tstroke: #ffffff;\n\t\t\tstroke-opacity: 0;\n\t\t}\n\t\t#hotspot-1298 .hotspot-Custom:hover,\n\t\t#hotspot-1298 .hotspot-Custom.hotspot-active {\n\t\t\tfill: #ffffff;\n\t\t\tfill-opacity: 0.81;\n\t\t\tstroke: #ffffff;\n\t\t\tstroke-opacity: 0.81;\n\t\t}\n\t\t\t#hotspot-1298 .hotspot-default {\n\t\t\tstroke-width: 1;\n\t\t\tfill: #ffffff;\n\t\t\tfill-opacity: 0;\n\t\t\tstroke: #ffffff;\n\t\t\tstroke-opacity: 0;\n\t\t}\n\t\t#hotspot-1298 .hotspot-default:hover,\n\t\t#hotspot-1298 .hotspot-default.hotspot-active {\n\t\t\tfill: #ffffff;\n\t\t\tfill-opacity: 0.81;\n\t\t\tstroke: #ffffff;\n\t\t\tstroke-opacity: 0.81;\n\t\t}\n\t\t#hotspot-1298 .leaflet-tooltip,\n\t#hotspot-1298 .leaflet-rrose-content-wrapper {\n\t\tbackground: #ffffff;\n\t\tborder-color: #ffffff;\n\t\tcolor: #000000;\n\t}\n\n\t#hotspot-1298 a.leaflet-rrose-close-button {\n\t\tcolor: #000000;\n\t}\n\n\t#hotspot-1298 .leaflet-rrose-tip {\n\t\tbackground: #ffffff;\n\t}\n\n\t#hotspot-1298 .leaflet-popup-scrolled {\n\t\tborder-bottom-color: #000000;\n\t\tborder-top-color: #000000;\n\t}\n\n\t#hotspot-1298 .leaflet-tooltip-top:before {\n\t\tborder-top-color: #ffffff;\n\t}\n\n\t#hotspot-1298 .leaflet-tooltip-bottom:before {\n\t\tborder-bottom-color: #ffffff;\n\t}\n\t#hotspot-1298 .leaflet-tooltip-left:before {\n\t\tborder-left-color: #ffffff;\n\t}\n\t#hotspot-1298 .leaflet-tooltip-right:before {\n\t\tborder-right-color: #ffffff;\n\t}\n<\/style>\n\n\n\t<div class=\"hotspots-container  layout-tooltip event-hover\" id=\"hotspot-1298\" data-layout=\"tooltip\" data-trigger=\"hover\">\n\t\t<div class=\"hotspots-interaction\">\n\t\t\t<div class=\"hotspots-image-container\">\n\t<img\n\t\twidth=\"559\"\n\t\theight=\"1135\"\n\t\tsrc=\"https:\/\/www.groupe-netco.com\/wp-content\/uploads\/2022\/08\/Elevateur-a-Godets_color.png\"\n\t\talt=\"\u00c9l\u00e9vateurs \u00e0 godets\"\n\t\tclass=\"hotspots-image skip-lazy\"\n\t\tusemap=\"#hotspots-image-1298\"\n\t\tdata-event-trigger=\"hover\"\n\t\tdata-always-visible=\"false\"\n\t\tdata-id=\"1298\"\n\t\tdata-no-lazy=\"1\"\n\t\tdata-lazy-src=\"\"\n\t\tdata-lazy=\"false\"\n\t\tloading=\"eager\"\n\t\tdata-skip-lazy=\"1\"\n\t\t>\n<\/div>\t\t<\/div>\n\t\t<map name=\"hotspots-image-1298\" class=\"hotspots-map\">\n\t\t\t\t\t\t\t\t\t\t\t<area\n\t\t\t\t\tshape=\"poly\"\n\t\t\t\t\tcoords=\"246,126,255,125,261,123,267,117,271,111,274,105,275,98,275,91,272,84,266,76,256,71,246,69\"\n\t\t\t\t\thref=\"https:\/\/www.groupe-netco.com\/fr\/services-et-produits\/produits\/elevateurs-a-godets\/coupleurs-hydrauliques\"\n\t\t\t\t\ttitle=\"Coupleurs hydrauliques\"\n\t\t\t\t\talt=\"Coupleurs hydrauliques\"\n\t\t\t\t\tdata-action=\"url\"\n\t\t\t\t\tdata-color-scheme=\"\"\n\t\t\t\t\ttarget=\"\"\n\t\t\t\t\tclass=\"url-area\"\n\t\t\t\t\t>\n\t\t\t\t\t\t\t\t\t\t\t<area\n\t\t\t\t\tshape=\"poly\"\n\t\t\t\t\tcoords=\"285,1012,292,1016,298,1015,306,1009,308,1001,306,992,300,987,293,987,286,989,283,996,283,1005\"\n\t\t\t\t\thref=\"https:\/\/www.groupe-netco.com\/fr\/services-et-produits\/produits\/elevateurs-a-godets\/tuyauteries-et-accessoires\"\n\t\t\t\t\ttitle=\"Tuyauteries et accessoires\"\n\t\t\t\t\talt=\"Tuyauteries et accessoires\"\n\t\t\t\t\tdata-action=\"url\"\n\t\t\t\t\tdata-color-scheme=\"\"\n\t\t\t\t\ttarget=\"\"\n\t\t\t\t\tclass=\"url-area\"\n\t\t\t\t\t>\n\t\t\t\t\t\t\t\t\t\t\t<area\n\t\t\t\t\tshape=\"poly\"\n\t\t\t\t\tcoords=\"271,993,262,992,257,996,256,1003,260,1009,263,1013,264,1024,266,1032,266,1041,265,1051,270,1055,274,1052,275,1040,270,1040,273,1021,276,1005,276,998\"\n\t\t\t\t\thref=\"https:\/\/www.groupe-netco.com\/fr\/services-et-produits\/produits\/elevateurs-a-godets\/tuyauteries-et-accessoires\"\n\t\t\t\t\ttitle=\"Tuyauteries et accessoires\"\n\t\t\t\t\talt=\"Tuyauteries et accessoires\"\n\t\t\t\t\tdata-action=\"url\"\n\t\t\t\t\tdata-color-scheme=\"\"\n\t\t\t\t\ttarget=\"\"\n\t\t\t\t\tclass=\"url-area\"\n\t\t\t\t\t>\n\t\t\t\t\t\t\t\t\t\t\t<area\n\t\t\t\t\tshape=\"poly\"\n\t\t\t\t\tcoords=\"234,924,233,819,240,819,241,801,190,801,188,818,195,847,183,847,183,851,196,851\"\n\t\t\t\t\thref=\"https:\/\/www.groupe-netco.com\/fr\/services-et-produits\/produits\/elevateurs-a-godets\/tuyauteries-et-accessoires\"\n\t\t\t\t\ttitle=\"Tuyauteries et accessoires\"\n\t\t\t\t\talt=\"Tuyauteries et accessoires\"\n\t\t\t\t\tdata-action=\"url\"\n\t\t\t\t\tdata-color-scheme=\"\"\n\t\t\t\t\ttarget=\"\"\n\t\t\t\t\tclass=\"url-area\"\n\t\t\t\t\t>\n\t\t\t\t\t\t\t\t\t\t\t<area\n\t\t\t\t\tshape=\"poly\"\n\t\t\t\t\tcoords=\"410,155,410,249,343,249,343,229,338,218,336,208,327,208,327,195,332,195,337,196,338,187,342,180,344,174,343,156\"\n\t\t\t\t\thref=\"https:\/\/www.groupe-netco.com\/fr\/services-et-produits\/produits\/elevateurs-a-godets\/tuyauteries-et-accessoires\"\n\t\t\t\t\ttitle=\"Tuyauteries et accessoires\"\n\t\t\t\t\talt=\"Tuyauteries et accessoires\"\n\t\t\t\t\tdata-action=\"url\"\n\t\t\t\t\tdata-color-scheme=\"\"\n\t\t\t\t\ttarget=\"\"\n\t\t\t\t\tclass=\"url-area\"\n\t\t\t\t\t>\n\t\t\t\t\t\t\t\t\t\t\t<area\n\t\t\t\t\tshape=\"poly\"\n\t\t\t\t\tcoords=\"373,316,492,315,492,318,478,317,474,336,485,336,485,338,475,338,484,360,498,360,490,371,547,451,546,485,556,485,556,487,454,487,454,484,465,485,465,476,434,430,403,474,402,485,413,485,413,487,310,487,310,485,319,485,320,453,375,374,366,360,381,360,393,341,382,341,382,336,392,336,389,319,373,319\"\n\t\t\t\t\thref=\"https:\/\/www.groupe-netco.com\/fr\/services-et-produits\/produits\/elevateurs-a-godets\/tuyauteries-et-accessoires\"\n\t\t\t\t\ttitle=\"Tuyauteries et accessoires\"\n\t\t\t\t\talt=\"Tuyauteries et accessoires\"\n\t\t\t\t\tdata-action=\"url\"\n\t\t\t\t\tdata-color-scheme=\"\"\n\t\t\t\t\ttarget=\"\"\n\t\t\t\t\tclass=\"url-area\"\n\t\t\t\t\t>\n\t\t\t\t\t\t\t\t\t\t\t<area\n\t\t\t\t\tshape=\"poly\"\n\t\t\t\t\tcoords=\"336,703,336,722,388,722,388,705\"\n\t\t\t\t\thref=\"https:\/\/www.groupe-netco.com\/fr\/services-et-produits\/produits\/elevateurs-a-godets\/tuyauteries-et-accessoires\"\n\t\t\t\t\ttitle=\"Tuyauteries et accessoires\"\n\t\t\t\t\talt=\"Tuyauteries et accessoires\"\n\t\t\t\t\tdata-action=\"url\"\n\t\t\t\t\tdata-color-scheme=\"\"\n\t\t\t\t\ttarget=\"\"\n\t\t\t\t\tclass=\"url-area\"\n\t\t\t\t\t>\n\t\t\t\t\t\t\t\t\t\t\t<area\n\t\t\t\t\tshape=\"poly\"\n\t\t\t\t\tcoords=\"427,58,428,316,477,316,478,58\"\n\t\t\t\t\thref=\"https:\/\/www.groupe-netco.com\/fr\/services-et-produits\/produits\/elevateurs-a-godets\/tuyauteries-et-accessoires\"\n\t\t\t\t\ttitle=\"Tuyauteries et accessoires\"\n\t\t\t\t\talt=\"Tuyauteries et accessoires\"\n\t\t\t\t\tdata-action=\"url\"\n\t\t\t\t\tdata-color-scheme=\"\"\n\t\t\t\t\ttarget=\"\"\n\t\t\t\t\tclass=\"url-area\"\n\t\t\t\t\t>\n\t\t\t\t\t\t\t\t\t\t\t<area\n\t\t\t\t\tshape=\"poly\"\n\t\t\t\t\tcoords=\"\"\n\t\t\t\t\thref=\"#hotspot-hotspot-1298-8\"\n\t\t\t\t\ttitle=\"\"\n\t\t\t\t\talt=\"\"\n\t\t\t\t\tdata-action=\"\"\n\t\t\t\t\tdata-color-scheme=\"\"\n\t\t\t\t\ttarget=\"\"\n\t\t\t\t\tclass=\"more-info-area\"\n\t\t\t\t\t>\n\t\t\t\t\t\t\t\t\t\t\t<area\n\t\t\t\t\tshape=\"poly\"\n\t\t\t\t\tcoords=\"317,619,317,701,314,708,308,714,302,719,295,722,285,725,279,721,278,593,284,590,292,591,299,596,306,602,312,609\"\n\t\t\t\t\thref=\"https:\/\/www.groupe-netco.com\/fr\/services-et-produits\/produits\/manutention-legere\/godets-boulons-sangles\"\n\t\t\t\t\ttitle=\"Godets, boulons, sangles\"\n\t\t\t\t\talt=\"Godets, boulons, sangles\"\n\t\t\t\t\tdata-action=\"url\"\n\t\t\t\t\tdata-color-scheme=\"\"\n\t\t\t\t\ttarget=\"\"\n\t\t\t\t\tclass=\"url-area\"\n\t\t\t\t\t>\n\t\t\t\t\t\t\t\t\t\t\t<area\n\t\t\t\t\tshape=\"poly\"\n\t\t\t\t\tcoords=\"337,622,338,736,342,743,346,748,354,747,361,743,395,744,385,727,377,699,397,690,381,673,399,666,384,648,398,640,386,623,399,616,386,598,358,597,356,601,351,604,344,608,340,615\"\n\t\t\t\t\thref=\"https:\/\/www.groupe-netco.com\/fr\/services-et-produits\/produits\/manutention-legere\/godets-boulons-sangles\"\n\t\t\t\t\ttitle=\"Godets, boulons, sangles\"\n\t\t\t\t\talt=\"Godets, boulons, sangles\"\n\t\t\t\t\tdata-action=\"url\"\n\t\t\t\t\tdata-color-scheme=\"\"\n\t\t\t\t\ttarget=\"\"\n\t\t\t\t\tclass=\"url-area\"\n\t\t\t\t\t>\n\t\t\t\t\t\t\t\t\t\t\t<area\n\t\t\t\t\tshape=\"poly\"\n\t\t\t\t\tcoords=\"339,908,339,1001,339,1008,338,1014,334,1023,329,1031,324,1037,318,1042,310,1043,301,1039,293,1036,294,1048,297,1055,302,1062,308,1067,316,1072,326,1074,336,1072,343,1067,351,1060,357,1055,357,907\"\n\t\t\t\t\thref=\"https:\/\/www.groupe-netco.com\/fr\/services-et-produits\/produits\/manutention-legere\/godets-boulons-sangles\"\n\t\t\t\t\ttitle=\"Godets, boulons, sangles\"\n\t\t\t\t\talt=\"Godets, boulons, sangles\"\n\t\t\t\t\tdata-action=\"url\"\n\t\t\t\t\tdata-color-scheme=\"\"\n\t\t\t\t\ttarget=\"\"\n\t\t\t\t\tclass=\"url-area\"\n\t\t\t\t\t>\n\t\t\t\t\t\t\t\t\t\t\t<area\n\t\t\t\t\tshape=\"poly\"\n\t\t\t\t\tcoords=\"339,149,338,100,338,91,335,79,329,68,319,59,306,56,299,61,291,67,288,73,277,70,270,72,264,75,257,71,264,63,267,56,283,35,300,31,301,39,313,27,345,24,349,41,380,39,370,66,385,66,395,76,378,92,398,109,381,118,398,136,385,146\"\n\t\t\t\t\thref=\"https:\/\/www.groupe-netco.com\/fr\/services-et-produits\/produits\/manutention-legere\/godets-boulons-sangles\"\n\t\t\t\t\ttitle=\"Godets, boulons, sangles\"\n\t\t\t\t\talt=\"Godets, boulons, sangles\"\n\t\t\t\t\tdata-action=\"url\"\n\t\t\t\t\tdata-color-scheme=\"\"\n\t\t\t\t\ttarget=\"\"\n\t\t\t\t\tclass=\"url-area\"\n\t\t\t\t\t>\n\t\t\t\t\t\t\t\t\t\t\t<area\n\t\t\t\t\tshape=\"poly\"\n\t\t\t\t\tcoords=\"62,75,70,74,81,74,113,74,125,78,125,80,121,85,116,90,113,97,115,104,121,112,125,114,127,120,121,119,131,120,131,122,62,123,58,118,55,114,51,108,49,101,49,93,52,86,57,80\"\n\t\t\t\t\thref=\"https:\/\/www.groupe-netco.com\/fr\/services-et-produits\/produits\/moto-reducteurs-moteurs-paliers-et-roulements\"\n\t\t\t\t\ttitle=\"Moto-r\u00e9ducteurs, moteurs, paliers et roulements\"\n\t\t\t\t\talt=\"Moto-r\u00e9ducteurs, moteurs, paliers et roulements\"\n\t\t\t\t\tdata-action=\"url\"\n\t\t\t\t\tdata-color-scheme=\"\"\n\t\t\t\t\ttarget=\"\"\n\t\t\t\t\tclass=\"url-area\"\n\t\t\t\t\t>\n\t\t\t\t\t\t\t\t\t\t\t<area\n\t\t\t\t\tshape=\"poly\"\n\t\t\t\t\tcoords=\"258,987,299,986,299,995,287,995,287,1008,283,1013,276,1013,270,1010,265,1006,264,994,258,993\"\n\t\t\t\t\thref=\"https:\/\/www.groupe-netco.com\/fr\/services-et-produits\/produits\/moto-reducteurs-moteurs-paliers-et-roulements\"\n\t\t\t\t\ttitle=\"Moto-r\u00e9ducteurs, moteurs, paliers et roulements\"\n\t\t\t\t\talt=\"Moto-r\u00e9ducteurs, moteurs, paliers et roulements\"\n\t\t\t\t\tdata-action=\"url\"\n\t\t\t\t\tdata-color-scheme=\"\"\n\t\t\t\t\ttarget=\"\"\n\t\t\t\t\tclass=\"url-area\"\n\t\t\t\t\t>\n\t\t\t\t\t\t\t\t\t\t\t<area\n\t\t\t\t\tshape=\"poly\"\n\t\t\t\t\tcoords=\"142,65,162,64,164,59,233,59,234,65,245,64,247,131,234,137,204,138,146,137,142,131,143,110,136,107,134,101,133,94,138,88,143,85\"\n\t\t\t\t\thref=\"https:\/\/www.groupe-netco.com\/fr\/services-et-produits\/produits\/moto-reducteurs-moteurs-paliers-et-roulements\"\n\t\t\t\t\ttitle=\"Moto-r\u00e9ducteurs, moteurs, paliers et roulements\"\n\t\t\t\t\talt=\"Moto-r\u00e9ducteurs, moteurs, paliers et roulements\"\n\t\t\t\t\tdata-action=\"url\"\n\t\t\t\t\tdata-color-scheme=\"\"\n\t\t\t\t\ttarget=\"\"\n\t\t\t\t\tclass=\"url-area\"\n\t\t\t\t\t>\n\t\t\t\t\t\t\t\t\t\t\t<area\n\t\t\t\t\tshape=\"poly\"\n\t\t\t\t\tcoords=\"263,122,312,123,310,112,298,112,300,104,300,95,297,86,295,79,289,73,283,70,270,70,263,73,268,81,273,85,276,92,276,101,274,108,269,115\"\n\t\t\t\t\thref=\"https:\/\/www.groupe-netco.com\/fr\/services-et-produits\/produits\/moto-reducteurs-moteurs-paliers-et-roulements\"\n\t\t\t\t\ttitle=\"Moto-r\u00e9ducteurs, moteurs, paliers et roulements\"\n\t\t\t\t\talt=\"Moto-r\u00e9ducteurs, moteurs, paliers et roulements\"\n\t\t\t\t\tdata-action=\"url\"\n\t\t\t\t\tdata-color-scheme=\"\"\n\t\t\t\t\ttarget=\"\"\n\t\t\t\t\tclass=\"url-area\"\n\t\t\t\t\t>\n\t\t\t\t\t\t\t\t\t\t\t<area\n\t\t\t\t\tshape=\"poly\"\n\t\t\t\t\tcoords=\"389,280,386,286,400,295,403,306,410,307,416,303,415,290,412,287,408,285,402,287\"\n\t\t\t\t\thref=\"https:\/\/www.groupe-netco.com\/fr\/services-et-produits\/produits\/elevateurs-a-godets\/sondes-de-dysfonctionnement\"\n\t\t\t\t\ttitle=\"Sondes de dysfonctionnement\"\n\t\t\t\t\talt=\"Sondes de dysfonctionnement\"\n\t\t\t\t\tdata-action=\"url\"\n\t\t\t\t\tdata-color-scheme=\"\"\n\t\t\t\t\ttarget=\"\"\n\t\t\t\t\tclass=\"url-area\"\n\t\t\t\t\t>\n\t\t\t\t\t\t\t\t\t\t\t<area\n\t\t\t\t\tshape=\"poly\"\n\t\t\t\t\tcoords=\"47,533,46,589,54,596,67,596,75,588,75,533\"\n\t\t\t\t\thref=\"https:\/\/www.groupe-netco.com\/fr\/services-et-produits\/produits\/elevateurs-a-godets\/sondes-de-dysfonctionnement\"\n\t\t\t\t\ttitle=\"Sondes de dysfonctionnement\"\n\t\t\t\t\talt=\"Sondes de dysfonctionnement\"\n\t\t\t\t\tdata-action=\"url\"\n\t\t\t\t\tdata-color-scheme=\"\"\n\t\t\t\t\ttarget=\"\"\n\t\t\t\t\tclass=\"url-area\"\n\t\t\t\t\t>\n\t\t\t\t\t\t\t\t\t\t\t<area\n\t\t\t\t\tshape=\"poly\"\n\t\t\t\t\tcoords=\"247,430,270,431,270,401,247,401\"\n\t\t\t\t\thref=\"https:\/\/www.groupe-netco.com\/fr\/services-et-produits\/produits\/elevateurs-a-godets\/sondes-de-dysfonctionnement\"\n\t\t\t\t\ttitle=\"Sondes de dysfonctionnement\"\n\t\t\t\t\talt=\"Sondes de dysfonctionnement\"\n\t\t\t\t\tdata-action=\"url\"\n\t\t\t\t\tdata-color-scheme=\"\"\n\t\t\t\t\ttarget=\"\"\n\t\t\t\t\tclass=\"url-area\"\n\t\t\t\t\t>\n\t\t\t\t\t\t\t\t\t\t\t<area\n\t\t\t\t\tshape=\"poly\"\n\t\t\t\t\tcoords=\"247,754,270,753,271,784,248,783\"\n\t\t\t\t\thref=\"https:\/\/www.groupe-netco.com\/fr\/services-et-produits\/produits\/elevateurs-a-godets\/sondes-de-dysfonctionnement\"\n\t\t\t\t\ttitle=\"Sondes de dysfonctionnement\"\n\t\t\t\t\talt=\"Sondes de dysfonctionnement\"\n\t\t\t\t\tdata-action=\"url\"\n\t\t\t\t\tdata-color-scheme=\"\"\n\t\t\t\t\ttarget=\"\"\n\t\t\t\t\tclass=\"url-area\"\n\t\t\t\t\t>\n\t\t\t\t\t\t\t\t\t\t\t<area\n\t\t\t\t\tshape=\"poly\"\n\t\t\t\t\tcoords=\"222,77,225,77,225,37,222,37\"\n\t\t\t\t\thref=\"https:\/\/abm-tecna.be\/fr\/detection-de-dysfonctionnement\/\"\n\t\t\t\t\ttitle=\"Sondes de dysfonctionnement\"\n\t\t\t\t\talt=\"Sondes de dysfonctionnement\"\n\t\t\t\t\tdata-action=\"url\"\n\t\t\t\t\tdata-color-scheme=\"\"\n\t\t\t\t\ttarget=\"\"\n\t\t\t\t\tclass=\"url-area\"\n\t\t\t\t\t>\n\t\t\t\t\t\t\t\t\t\t\t<area\n\t\t\t\t\tshape=\"poly\"\n\t\t\t\t\tcoords=\"335,968,339,979,339,999,337,1018,331,1031,322,1037,313,1042,301,1043,289,1036,285,1022,283,1006,282,992,285,979,291,969,300,962,314,961,326,962\"\n\t\t\t\t\thref=\"https:\/\/www.groupe-netco.com\/fr\/services-et-produits\/produits\/elevateurs-a-godets\/tambours-cage-decureuil\"\n\t\t\t\t\ttitle=\"Tambours cage d'\u00e9cureuil\"\n\t\t\t\t\talt=\"Tambours cage d&#039;\u00e9cureuil\"\n\t\t\t\t\tdata-action=\"url\"\n\t\t\t\t\tdata-color-scheme=\"\"\n\t\t\t\t\ttarget=\"\"\n\t\t\t\t\tclass=\"url-area\"\n\t\t\t\t\t>\n\t\t\t\t\t\t\t\t\t\t\t<area\n\t\t\t\t\tshape=\"poly\"\n\t\t\t\t\tcoords=\"322,58,330,66,336,75,337,84,338,96,337,106,335,119,330,126,321,134,312,137,301,136,291,129,285,120,283,108,283,95,283,82,287,71,293,64,300,57,312,55\"\n\t\t\t\t\thref=\"https:\/\/www.groupe-netco.com\/fr\/services-et-produits\/produits\/elevateurs-a-godets\/tambours-cage-decureuil\"\n\t\t\t\t\ttitle=\"Tambours cage d'\u00e9cureuil\"\n\t\t\t\t\talt=\"Tambours cage d&#039;\u00e9cureuil\"\n\t\t\t\t\tdata-action=\"url\"\n\t\t\t\t\tdata-color-scheme=\"\"\n\t\t\t\t\ttarget=\"\"\n\t\t\t\t\tclass=\"url-area\"\n\t\t\t\t\t>\n\t\t\t\t\t<\/map>\n\n\t\t\n\t\t\t\t\t\t\t\t<div class=\"hotspot-info \" id=\"hotspot-hotspot-1298-0\">\n\n\t\t\t\t\n\t\t\t\t<h2 class=\"hotspot-title\">Coupleurs hydrauliques<\/h2>\t\t\t\t\t\t\t\t<div class=\"hotspot-content\">\n\t\t\t\t\t\t\t\t\t<\/div>\n\t\t\t<\/div>\n\t\t\t\t\t\t\t\t<div class=\"hotspot-info \" id=\"hotspot-hotspot-1298-1\">\n\n\t\t\t\t\n\t\t\t\t<h2 class=\"hotspot-title\">Tuyauteries et accessoires<\/h2>\t\t\t\t\t\t\t\t<div class=\"hotspot-content\">\n\t\t\t\t\t\t\t\t\t<\/div>\n\t\t\t<\/div>\n\t\t\t\t\t\t\t\t<div class=\"hotspot-info \" id=\"hotspot-hotspot-1298-2\">\n\n\t\t\t\t\n\t\t\t\t<h2 class=\"hotspot-title\">Tuyauteries et accessoires<\/h2>\t\t\t\t\t\t\t\t<div class=\"hotspot-content\">\n\t\t\t\t\t\t\t\t\t<\/div>\n\t\t\t<\/div>\n\t\t\t\t\t\t\t\t<div class=\"hotspot-info \" id=\"hotspot-hotspot-1298-3\">\n\n\t\t\t\t\n\t\t\t\t<h2 class=\"hotspot-title\">Tuyauteries et accessoires<\/h2>\t\t\t\t\t\t\t\t<div class=\"hotspot-content\">\n\t\t\t\t\t\t\t\t\t<\/div>\n\t\t\t<\/div>\n\t\t\t\t\t\t\t\t<div class=\"hotspot-info \" id=\"hotspot-hotspot-1298-4\">\n\n\t\t\t\t\n\t\t\t\t<h2 class=\"hotspot-title\">Tuyauteries et accessoires<\/h2>\t\t\t\t\t\t\t\t<div class=\"hotspot-content\">\n\t\t\t\t\t\t\t\t\t<\/div>\n\t\t\t<\/div>\n\t\t\t\t\t\t\t\t<div class=\"hotspot-info \" id=\"hotspot-hotspot-1298-5\">\n\n\t\t\t\t\n\t\t\t\t<h2 class=\"hotspot-title\">Tuyauteries et accessoires<\/h2>\t\t\t\t\t\t\t\t<div class=\"hotspot-content\">\n\t\t\t\t\t\t\t\t\t<\/div>\n\t\t\t<\/div>\n\t\t\t\t\t\t\t\t<div class=\"hotspot-info \" id=\"hotspot-hotspot-1298-6\">\n\n\t\t\t\t\n\t\t\t\t<h2 class=\"hotspot-title\">Tuyauteries et accessoires<\/h2>\t\t\t\t\t\t\t\t<div class=\"hotspot-content\">\n\t\t\t\t\t\t\t\t\t<\/div>\n\t\t\t<\/div>\n\t\t\t\t\t\t\t\t<div class=\"hotspot-info \" id=\"hotspot-hotspot-1298-7\">\n\n\t\t\t\t\n\t\t\t\t<h2 class=\"hotspot-title\">Tuyauteries et accessoires<\/h2>\t\t\t\t\t\t\t\t<div class=\"hotspot-content\">\n\t\t\t\t\t\t\t\t\t<\/div>\n\t\t\t<\/div>\n\t\t\t\t\t\t\t\t<div class=\"hotspot-info \" id=\"hotspot-hotspot-1298-8\">\n\n\t\t\t\t\n\t\t\t\t<h2 class=\"hotspot-title\"><\/h2>\t\t\t\t\t\t\t\t<div class=\"hotspot-content\">\n\t\t\t\t\t\t\t\t\t<\/div>\n\t\t\t<\/div>\n\t\t\t\t\t\t\t\t<div class=\"hotspot-info \" id=\"hotspot-hotspot-1298-9\">\n\n\t\t\t\t\n\t\t\t\t<h2 class=\"hotspot-title\">Godets, boulons, sangles<\/h2>\t\t\t\t\t\t\t\t<div class=\"hotspot-content\">\n\t\t\t\t\t\t\t\t\t<\/div>\n\t\t\t<\/div>\n\t\t\t\t\t\t\t\t<div class=\"hotspot-info \" id=\"hotspot-hotspot-1298-10\">\n\n\t\t\t\t\n\t\t\t\t<h2 class=\"hotspot-title\">Godets, boulons, sangles<\/h2>\t\t\t\t\t\t\t\t<div class=\"hotspot-content\">\n\t\t\t\t\t\t\t\t\t<\/div>\n\t\t\t<\/div>\n\t\t\t\t\t\t\t\t<div class=\"hotspot-info \" id=\"hotspot-hotspot-1298-11\">\n\n\t\t\t\t\n\t\t\t\t<h2 class=\"hotspot-title\">Godets, boulons, sangles<\/h2>\t\t\t\t\t\t\t\t<div class=\"hotspot-content\">\n\t\t\t\t\t\t\t\t\t<\/div>\n\t\t\t<\/div>\n\t\t\t\t\t\t\t\t<div class=\"hotspot-info \" id=\"hotspot-hotspot-1298-12\">\n\n\t\t\t\t\n\t\t\t\t<h2 class=\"hotspot-title\">Godets, boulons, sangles<\/h2>\t\t\t\t\t\t\t\t<div class=\"hotspot-content\">\n\t\t\t\t\t\t\t\t\t<\/div>\n\t\t\t<\/div>\n\t\t\t\t\t\t\t\t<div class=\"hotspot-info \" id=\"hotspot-hotspot-1298-13\">\n\n\t\t\t\t\n\t\t\t\t<h2 class=\"hotspot-title\">Moto-r\u00e9ducteurs, moteurs, paliers et roulements<\/h2>\t\t\t\t\t\t\t\t<div class=\"hotspot-content\">\n\t\t\t\t\t\t\t\t\t<\/div>\n\t\t\t<\/div>\n\t\t\t\t\t\t\t\t<div class=\"hotspot-info \" id=\"hotspot-hotspot-1298-14\">\n\n\t\t\t\t\n\t\t\t\t<h2 class=\"hotspot-title\">Moto-r\u00e9ducteurs, moteurs, paliers et roulements<\/h2>\t\t\t\t\t\t\t\t<div class=\"hotspot-content\">\n\t\t\t\t\t\t\t\t\t<\/div>\n\t\t\t<\/div>\n\t\t\t\t\t\t\t\t<div class=\"hotspot-info \" id=\"hotspot-hotspot-1298-15\">\n\n\t\t\t\t\n\t\t\t\t<h2 class=\"hotspot-title\">Moto-r\u00e9ducteurs, moteurs, paliers et roulements<\/h2>\t\t\t\t\t\t\t\t<div class=\"hotspot-content\">\n\t\t\t\t\t\t\t\t\t<\/div>\n\t\t\t<\/div>\n\t\t\t\t\t\t\t\t<div class=\"hotspot-info \" id=\"hotspot-hotspot-1298-16\">\n\n\t\t\t\t\n\t\t\t\t<h2 class=\"hotspot-title\">Moto-r\u00e9ducteurs, moteurs, paliers et roulements<\/h2>\t\t\t\t\t\t\t\t<div class=\"hotspot-content\">\n\t\t\t\t\t\t\t\t\t<\/div>\n\t\t\t<\/div>\n\t\t\t\t\t\t\t\t<div class=\"hotspot-info \" id=\"hotspot-hotspot-1298-17\">\n\n\t\t\t\t\n\t\t\t\t<h2 class=\"hotspot-title\">Sondes de dysfonctionnement<\/h2>\t\t\t\t\t\t\t\t<div class=\"hotspot-content\">\n\t\t\t\t\t\t\t\t\t<\/div>\n\t\t\t<\/div>\n\t\t\t\t\t\t\t\t<div class=\"hotspot-info \" id=\"hotspot-hotspot-1298-18\">\n\n\t\t\t\t\n\t\t\t\t<h2 class=\"hotspot-title\">Sondes de dysfonctionnement<\/h2>\t\t\t\t\t\t\t\t<div class=\"hotspot-content\">\n\t\t\t\t\t\t\t\t\t<\/div>\n\t\t\t<\/div>\n\t\t\t\t\t\t\t\t<div class=\"hotspot-info \" id=\"hotspot-hotspot-1298-19\">\n\n\t\t\t\t\n\t\t\t\t<h2 class=\"hotspot-title\">Sondes de dysfonctionnement<\/h2>\t\t\t\t\t\t\t\t<div class=\"hotspot-content\">\n\t\t\t\t\t\t\t\t\t<\/div>\n\t\t\t<\/div>\n\t\t\t\t\t\t\t\t<div class=\"hotspot-info \" id=\"hotspot-hotspot-1298-20\">\n\n\t\t\t\t\n\t\t\t\t<h2 class=\"hotspot-title\">Sondes de dysfonctionnement<\/h2>\t\t\t\t\t\t\t\t<div class=\"hotspot-content\">\n\t\t\t\t\t\t\t\t\t<\/div>\n\t\t\t<\/div>\n\t\t\t\t\t\t\t\t<div class=\"hotspot-info \" id=\"hotspot-hotspot-1298-21\">\n\n\t\t\t\t\n\t\t\t\t<h2 class=\"hotspot-title\">Sondes de dysfonctionnement<\/h2>\t\t\t\t\t\t\t\t<div class=\"hotspot-content\">\n\t\t\t\t\t\t\t\t\t<\/div>\n\t\t\t<\/div>\n\t\t\t\t\t\t\t\t<div class=\"hotspot-info \" id=\"hotspot-hotspot-1298-22\">\n\n\t\t\t\t\n\t\t\t\t<h2 class=\"hotspot-title\">Tambours cage d'\u00e9cureuil<\/h2>\t\t\t\t\t\t\t\t<div class=\"hotspot-content\">\n\t\t\t\t\t\t\t\t\t<\/div>\n\t\t\t<\/div>\n\t\t\t\t\t\t\t\t<div class=\"hotspot-info \" id=\"hotspot-hotspot-1298-23\">\n\n\t\t\t\t\n\t\t\t\t<h2 class=\"hotspot-title\">Tambours cage d'\u00e9cureuil<\/h2>\t\t\t\t\t\t\t\t<div class=\"hotspot-content\">\n\t\t\t\t\t\t\t\t\t<\/div>\n\t\t\t<\/div>\n\t\t\t<\/div>\n\n\n<\/div>\n\n\n\n<div class=\"wp-block-column is-layout-flow wp-block-column-is-layout-flow\" style=\"flex-basis:33%\"><\/div>\n<\/div>\n\n\n\n<div class=\"wp-block-group is-style-lightgray-section is-layout-flow wp-block-group-is-layout-flow\">\n<h2 class=\"has-text-align-center wp-block-heading\">NETCO fait la diff\u00e9rence<\/h2>\n\n\n\n<p class=\"has-text-align-center\"><\/p>\n\n\n\n<div class=\"wp-block-group is-style-services is-layout-flow wp-block-group-is-layout-flow\">\n<div class=\"wp-block-group is-layout-flow wp-block-group-is-layout-flow\">\n<p>Raison n\u00b01<\/p>\n\n\n\n<p>Acc\u00e8s \u00e0 toutes les gammes avec une logistique performante et une ind\u00e9pendance technique<\/p>\n<\/div>\n\n\n\n<div class=\"wp-block-group is-layout-flow wp-block-group-is-layout-flow\">\n<p>Raison n\u00b02<\/p>\n\n\n\n<p>Nos collaborateurs sp\u00e9cialistes, hautement qualifi\u00e9s et form\u00e9s sont disponibles 24\/7 !<\/p>\n<\/div>\n\n\n\n<div class=\"wp-block-group is-layout-flow wp-block-group-is-layout-flow\">\n<p>Raison n\u00b03<\/p>\n\n\n\n<p>Plus de 120 ans d\u2019exp\u00e9rience et d\u2019expertise que nous partageons avec nos clients<\/p>\n<\/div>\n<\/div>\n<\/div>\n","protected":false},"excerpt":{"rendered":"<p>D\u00e9couvrez nos offres de produits techniques NETCO fait la diff\u00e9rence Raison n\u00b01 Acc\u00e8s \u00e0 toutes les gammes avec une logistique performante et une ind\u00e9pendance technique Raison n\u00b02 Nos collaborateurs sp\u00e9cialistes, hautement qualifi\u00e9s et form\u00e9s sont disponibles 24\/7 ! Raison n\u00b03 Plus de 120 ans d\u2019exp\u00e9rience et d\u2019expertise que nous partageons avec nos clients<\/p>\n","protected":false},"author":1,"featured_media":2002,"parent":82,"menu_order":0,"comment_status":"closed","ping_status":"closed","template":"","meta":{"_editorskit_title_hidden":false,"_editorskit_reading_time":1,"_editorskit_is_block_options_detached":false,"_editorskit_block_options_position":"{}","ghostkit_customizer_options":"","ghostkit_custom_css":"","ghostkit_custom_js_head":"","ghostkit_custom_js_foot":"","ghostkit_typography":"","slim_seo":{"title":"\u00c9l\u00e9vateurs \u00e0 godets - NETCO","description":"D\u00e9couvrez nos offres de produits techniques NETCO fait la diff\u00e9rence Raison n\u00b01 Acc\u00e8s \u00e0 toutes les gammes avec une logistique performante et une ind\u00e9pendance te"},"footnotes":""},"class_list":["post-969","page","type-page","status-publish","has-post-thumbnail","hentry"],"_links":{"self":[{"href":"https:\/\/www.groupe-netco.com\/fr\/wp-json\/wp\/v2\/pages\/969","targetHints":{"allow":["GET"]}}],"collection":[{"href":"https:\/\/www.groupe-netco.com\/fr\/wp-json\/wp\/v2\/pages"}],"about":[{"href":"https:\/\/www.groupe-netco.com\/fr\/wp-json\/wp\/v2\/types\/page"}],"author":[{"embeddable":true,"href":"https:\/\/www.groupe-netco.com\/fr\/wp-json\/wp\/v2\/users\/1"}],"replies":[{"embeddable":true,"href":"https:\/\/www.groupe-netco.com\/fr\/wp-json\/wp\/v2\/comments?post=969"}],"version-history":[{"count":12,"href":"https:\/\/www.groupe-netco.com\/fr\/wp-json\/wp\/v2\/pages\/969\/revisions"}],"predecessor-version":[{"id":4577,"href":"https:\/\/www.groupe-netco.com\/fr\/wp-json\/wp\/v2\/pages\/969\/revisions\/4577"}],"up":[{"embeddable":true,"href":"https:\/\/www.groupe-netco.com\/fr\/wp-json\/wp\/v2\/pages\/82"}],"wp:featuredmedia":[{"embeddable":true,"href":"https:\/\/www.groupe-netco.com\/fr\/wp-json\/wp\/v2\/media\/2002"}],"wp:attachment":[{"href":"https:\/\/www.groupe-netco.com\/fr\/wp-json\/wp\/v2\/media?parent=969"}],"curies":[{"name":"wp","href":"https:\/\/api.w.org\/{rel}","templated":true}]}}