{"id":900,"date":"2022-07-25T12:26:04","date_gmt":"2022-07-25T10:26:04","guid":{"rendered":"https:\/\/netco.lasolutionglobale.be\/?page_id=900"},"modified":"2022-10-06T16:48:21","modified_gmt":"2022-10-06T14:48:21","slug":"optimisation-taux-de-disponibilite","status":"publish","type":"page","link":"https:\/\/www.groupe-netco.com\/fr\/services-et-produits\/services-maintenance\/optimisation-taux-de-disponibilite","title":{"rendered":"Optimisation taux de disponibilit\u00e9"},"content":{"rendered":"\n<div class=\"wp-block-group is-style-white-section-yellow-shadow is-layout-flow wp-block-group-is-layout-flow\"><nav class=\"breadcrumbs\" aria-label=\"Fil d\u2019Ariane\"><a href=\"https:\/\/www.groupe-netco.com\/fr\" class=\"breadcrumb breadcrumb--first\">Accueil<\/a><\/nav>\n\n\n\n<h2 class=\"wp-block-heading\">Audit d\u2019optimisation de vos installations :<\/h2>\n\n\n\n<p>D\u00e9roulement de l&rsquo;Audit :<\/p>\n\n\n\n<ul class=\"wp-block-list\"><li>Analyse de l\u2019existant<\/li><li>Identification des dysfonctionnements<\/li><li>Analyse des besoins et contraintes<\/li><li>Proposition de solutions &amp; \u00e9laboration de fiches de pr\u00e9conisations<\/li><\/ul>\n\n\n\n<p>Fourniture et pose d&rsquo;accessoires de manutention r\u00e9pondant aux normes de s\u00e9curit\u00e9 en application de la directive europ\u00e9enne \u00ab\u00a0Machines\u00a0\u00bb N\u00b02006\/42\/CE<\/p>\n\n\n\n<p>Possibilit\u00e9 de formation de vos \u00e9quipes sur site aux r\u00e9glages et \u00e0 l\u2019utilisation de vos convoyeurs<br>Netco est accr\u00e9dit\u00e9 \u00e0 dispenser des formations professionnelles selon r\u00e9f\u00e9rentiel <strong><a href=\"https:\/\/www.groupe-netco.com\/fr\/services-et-produits\/services-maintenance\/formation-aux-reglages\" class=\"ek-link\">QUALIOPI<\/a><\/strong> <\/p>\n\n\n\n<div class=\"wp-block-columns is-layout-flex wp-container-core-columns-is-layout-9d6595d7 wp-block-columns-is-layout-flex\">\n<div class=\"wp-block-column is-layout-flow wp-block-column-is-layout-flow\"><\/div>\n\n\n\n<div class=\"wp-block-column is-layout-flow wp-block-column-is-layout-flow\"><\/div>\n\n\n\n<div class=\"wp-block-column is-layout-flow wp-block-column-is-layout-flow\"><\/div>\n<\/div>\n\n\n\n<p>NETCO vous propose \u00e9galement des solutions de maintenance adapt\u00e9es<\/p>\n<\/div>\n\n\n\n<div class=\"wp-block-group is-style-lightgray-section is-layout-flow wp-block-group-is-layout-flow\">\n<h2 class=\"has-text-align-center wp-block-heading\">NETCO fait la diff\u00e9rence<\/h2>\n\n\n\n<p class=\"has-text-align-center\">Nos principaux atouts qui vous assurent une prestation de haute qualit\u00e9<\/p>\n\n\n\n<div class=\"wp-block-group is-style-services is-layout-flow wp-block-group-is-layout-flow\">\n<div class=\"wp-block-group is-layout-flow wp-block-group-is-layout-flow\">\n<p>Raison n\u00b01<\/p>\n\n\n\n<p>Acc\u00e8s \u00e0 toutes les gammes avec une logistique performante et une ind\u00e9pendance technique<\/p>\n<\/div>\n\n\n\n<div class=\"wp-block-group is-layout-flow wp-block-group-is-layout-flow\">\n<p>Raison n\u00b02<\/p>\n\n\n\n<p>Nos collaborateurs sp\u00e9cialistes, hautement qualifi\u00e9s et form\u00e9s sont disponibles 24\/7 !<\/p>\n<\/div>\n\n\n\n<div class=\"wp-block-group is-layout-flow wp-block-group-is-layout-flow\">\n<p>Raison n\u00b03<\/p>\n\n\n\n<p>Interventions 24\/7 sur tous vos sites d\u2019exploitations<\/p>\n<\/div>\n\n\n\n<div class=\"wp-block-group is-layout-flow wp-block-group-is-layout-flow\">\n<p>Raison n\u00b04<\/p>\n\n\n\n<p>Plus de 120 ans d\u2019exp\u00e9rience et d\u2019expertise que nous partageons avec nos clients<\/p>\n<\/div>\n<\/div>\n<\/div>\n","protected":false},"excerpt":{"rendered":"<p>Audit d\u2019optimisation de vos installations : D\u00e9roulement de l&rsquo;Audit : Analyse de l\u2019existant Identification des dysfonctionnements Analyse des besoins et contraintes Proposition de solutions &amp; \u00e9laboration de fiches de pr\u00e9conisations Fourniture et pose d&rsquo;accessoires de manutention r\u00e9pondant aux normes de s\u00e9curit\u00e9 en application de la directive europ\u00e9enne \u00ab\u00a0Machines\u00a0\u00bb N\u00b02006\/42\/CE Possibilit\u00e9 de formation de vos \u00e9quipes [&hellip;]<\/p>\n","protected":false},"author":1,"featured_media":2030,"parent":80,"menu_order":0,"comment_status":"closed","ping_status":"closed","template":"","meta":{"_editorskit_title_hidden":false,"_editorskit_reading_time":1,"_editorskit_is_block_options_detached":false,"_editorskit_block_options_position":"{}","ghostkit_customizer_options":"","ghostkit_custom_css":"","ghostkit_custom_js_head":"","ghostkit_custom_js_foot":"","ghostkit_typography":"","slim_seo":{"title":"Optimisation taux de disponibilit\u00e9 - NETCO","description":"Audit d\u2019optimisation de vos installations : D\u00e9roulement de l'Audit : Fourniture et pose d'accessoires de manutention r\u00e9pondant aux normes de s\u00e9curit\u00e9 en applica"},"footnotes":""},"class_list":["post-900","page","type-page","status-publish","has-post-thumbnail","hentry"],"_links":{"self":[{"href":"https:\/\/www.groupe-netco.com\/fr\/wp-json\/wp\/v2\/pages\/900","targetHints":{"allow":["GET"]}}],"collection":[{"href":"https:\/\/www.groupe-netco.com\/fr\/wp-json\/wp\/v2\/pages"}],"about":[{"href":"https:\/\/www.groupe-netco.com\/fr\/wp-json\/wp\/v2\/types\/page"}],"author":[{"embeddable":true,"href":"https:\/\/www.groupe-netco.com\/fr\/wp-json\/wp\/v2\/users\/1"}],"replies":[{"embeddable":true,"href":"https:\/\/www.groupe-netco.com\/fr\/wp-json\/wp\/v2\/comments?post=900"}],"version-history":[{"count":16,"href":"https:\/\/www.groupe-netco.com\/fr\/wp-json\/wp\/v2\/pages\/900\/revisions"}],"predecessor-version":[{"id":4698,"href":"https:\/\/www.groupe-netco.com\/fr\/wp-json\/wp\/v2\/pages\/900\/revisions\/4698"}],"up":[{"embeddable":true,"href":"https:\/\/www.groupe-netco.com\/fr\/wp-json\/wp\/v2\/pages\/80"}],"wp:featuredmedia":[{"embeddable":true,"href":"https:\/\/www.groupe-netco.com\/fr\/wp-json\/wp\/v2\/media\/2030"}],"wp:attachment":[{"href":"https:\/\/www.groupe-netco.com\/fr\/wp-json\/wp\/v2\/media?parent=900"}],"curies":[{"name":"wp","href":"https:\/\/api.w.org\/{rel}","templated":true}]}}