{"id":4375,"date":"2022-10-05T12:04:39","date_gmt":"2022-10-05T10:04:39","guid":{"rendered":"https:\/\/netco.lasolutionglobale.be\/?page_id=4375"},"modified":"2022-10-07T17:47:34","modified_gmt":"2022-10-07T15:47:34","slug":"bandes-a-entrainement-positif","status":"publish","type":"page","link":"https:\/\/www.groupe-netco.com\/fr\/services-et-produits\/produits\/manutention-legere\/bandes-a-entrainement-positif","title":{"rendered":"Bandes \u00e0 entra\u00eenement positif"},"content":{"rendered":"\n<div class=\"wp-block-group ghostkit-custom-1VbGAm is-style-icones-secteurs is-nowrap is-layout-flex wp-container-core-group-is-layout-ad2f72ca wp-block-group-is-layout-flex\">\n<figure class=\"wp-block-image aligncenter size-full\"><img loading=\"lazy\" decoding=\"async\" width=\"257\" height=\"250\" src=\"https:\/\/www.groupe-netco.com\/wp-content\/uploads\/2022\/09\/environnement-dechets.png\" alt=\"environnement-dechets\" class=\"wp-image-1338\"\/><figcaption>Environnement, valorisation des d\u00e9chets<\/figcaption><\/figure>\n\n\n\n<figure class=\"wp-block-image aligncenter size-full\"><img loading=\"lazy\" decoding=\"async\" width=\"348\" height=\"250\" src=\"https:\/\/www.groupe-netco.com\/wp-content\/uploads\/2022\/09\/energie.png\" alt=\"energie\" class=\"wp-image-1337\" srcset=\"https:\/\/www.groupe-netco.com\/wp-content\/uploads\/2022\/09\/energie.png 348w, https:\/\/www.groupe-netco.com\/wp-content\/uploads\/2022\/09\/energie-300x216.png 300w\" sizes=\"auto, (max-width: 348px) 100vw, 348px\" \/><figcaption>\u00c9nergie<\/figcaption><\/figure>\n\n\n\n<figure class=\"wp-block-image aligncenter size-full\"><img loading=\"lazy\" decoding=\"async\" width=\"351\" height=\"250\" src=\"https:\/\/www.groupe-netco.com\/wp-content\/uploads\/2022\/09\/industrieminerale.png\" alt=\"industrieminerale\" class=\"wp-image-1339\" srcset=\"https:\/\/www.groupe-netco.com\/wp-content\/uploads\/2022\/09\/industrieminerale.png 351w, https:\/\/www.groupe-netco.com\/wp-content\/uploads\/2022\/09\/industrieminerale-300x214.png 300w\" sizes=\"auto, (max-width: 351px) 100vw, 351px\" \/><figcaption>Industrie min\u00e9rale, carri\u00e8re, sabli\u00e8re<\/figcaption><\/figure>\n\n\n\n<figure class=\"wp-block-image aligncenter size-full\"><img loading=\"lazy\" decoding=\"async\" width=\"239\" height=\"250\" src=\"https:\/\/www.groupe-netco.com\/wp-content\/uploads\/2022\/09\/bois-derives.png\" alt=\"bois-derives\" class=\"wp-image-1335\"\/><figcaption>Industrie bois et d\u00e9riv\u00e9s<\/figcaption><\/figure>\n\n\n\n<figure class=\"wp-block-image aligncenter size-full\"><img loading=\"lazy\" decoding=\"async\" width=\"228\" height=\"250\" src=\"https:\/\/www.groupe-netco.com\/wp-content\/uploads\/2022\/09\/siderurgie-metallurgie.png\" alt=\"siderurgie-metallurgie\" class=\"wp-image-1342\"\/><figcaption>Sid\u00e9rurgie, m\u00e9talurgie<\/figcaption><\/figure>\n\n\n\n<figure class=\"wp-block-image aligncenter size-full\"><img loading=\"lazy\" decoding=\"async\" width=\"334\" height=\"250\" src=\"https:\/\/www.groupe-netco.com\/wp-content\/uploads\/2022\/09\/machines-agricoles.png\" alt=\"machines-agricoles\" class=\"wp-image-1341\" srcset=\"https:\/\/www.groupe-netco.com\/wp-content\/uploads\/2022\/09\/machines-agricoles.png 334w, https:\/\/www.groupe-netco.com\/wp-content\/uploads\/2022\/09\/machines-agricoles-300x225.png 300w\" sizes=\"auto, (max-width: 334px) 100vw, 334px\" \/><figcaption>Machines agricoles<\/figcaption><\/figure>\n<\/div>\n\n\n\n<p><strong>NETCO\u00a0travaille avec les fabricants majeurs de ce type de technologie, en compl\u00e9ment de la gamme modulaire. <\/strong><\/p>\n\n\n\n<p><strong>Les avantages m\u00e9caniques :<\/strong><\/p>\n\n\n\n<ul class=\"wp-block-list\"><li>Aucun risque de patinage car entrainement par pignons<\/li><li>Denture moul\u00e9e dans la bande<\/li><li>Montage sans tension donc r\u00e9duit les efforts sur la m\u00e9canique du convoyeur<\/li><li>Bande plus l\u00e9g\u00e8re que le modulaire<\/li><\/ul>\n\n\n\n<p><strong>Les avantages hygi\u00e9nique<\/strong> :<\/p>\n\n\n\n<ul class=\"wp-block-list\"><li>Respect des normes alimentaires CE \/ FDA<\/li><li>Bande \u00e9tanche et\u00a0imputrescible<\/li><li>Facilit\u00e9 de nettoyage<\/li><li>Diminution de la consommation d\u2019eau et de produits de nettoyage<\/li><li>R\u00e9sistance aux attaques chimiques<\/li><li>Limite le risque de d\u00e9veloppement bact\u00e9rien<\/li><\/ul>\n\n\n\n<div class=\"wp-block-columns is-layout-flex wp-container-core-columns-is-layout-9d6595d7 wp-block-columns-is-layout-flex\">\n<div class=\"wp-block-column is-layout-flow wp-block-column-is-layout-flow\">\n<figure class=\"wp-block-image size-full zoom\"><img loading=\"lazy\" decoding=\"async\" width=\"434\" height=\"326\" src=\"https:\/\/www.groupe-netco.com\/wp-content\/uploads\/2022\/10\/BEP3-1.jpg\" alt=\"\" class=\"wp-image-4858\" srcset=\"https:\/\/www.groupe-netco.com\/wp-content\/uploads\/2022\/10\/BEP3-1.jpg 434w, https:\/\/www.groupe-netco.com\/wp-content\/uploads\/2022\/10\/BEP3-1-300x225.jpg 300w\" sizes=\"auto, (max-width: 434px) 100vw, 434px\" \/><\/figure>\n<\/div>\n\n\n\n<div class=\"wp-block-column is-layout-flow wp-block-column-is-layout-flow\">\n<figure class=\"wp-block-image size-full zoom\"><img loading=\"lazy\" decoding=\"async\" width=\"432\" height=\"278\" src=\"https:\/\/www.groupe-netco.com\/wp-content\/uploads\/2022\/10\/BEP1.jpg\" alt=\"\" class=\"wp-image-4848\" srcset=\"https:\/\/www.groupe-netco.com\/wp-content\/uploads\/2022\/10\/BEP1.jpg 432w, https:\/\/www.groupe-netco.com\/wp-content\/uploads\/2022\/10\/BEP1-300x193.jpg 300w\" sizes=\"auto, (max-width: 432px) 100vw, 432px\" \/><\/figure>\n<\/div>\n\n\n\n<div class=\"wp-block-column is-layout-flow wp-block-column-is-layout-flow\">\n<figure class=\"wp-block-image size-full zoom\"><img loading=\"lazy\" decoding=\"async\" width=\"416\" height=\"270\" src=\"https:\/\/www.groupe-netco.com\/wp-content\/uploads\/2022\/10\/BEP5.jpg\" alt=\"\" class=\"wp-image-4856\" srcset=\"https:\/\/www.groupe-netco.com\/wp-content\/uploads\/2022\/10\/BEP5.jpg 416w, https:\/\/www.groupe-netco.com\/wp-content\/uploads\/2022\/10\/BEP5-300x195.jpg 300w\" sizes=\"auto, (max-width: 416px) 100vw, 416px\" \/><\/figure>\n<\/div>\n<\/div>\n\n\n\n<div class=\"wp-block-group is-style-lightgray-section ghostkit-custom-Z2ebp8j is-layout-flow wp-block-group-is-layout-flow\">\n<h2 class=\"has-text-align-center wp-block-heading\">NETCO fait la diff\u00e9rence<\/h2>\n\n\n\n<p class=\"has-text-align-center\">Nos principaux atouts qui vous assurent une prestation de haute qualit\u00e9<\/p>\n\n\n\n<div class=\"wp-block-group is-style-services is-layout-flow wp-block-group-is-layout-flow\">\n<div class=\"wp-block-group is-layout-flow wp-block-group-is-layout-flow\">\n<p>Raison n\u00b01<\/p>\n\n\n\n<p>Acc\u00e8s \u00e0 toutes gammes avec une logistique performante et une ind\u00e9pendance technique<\/p>\n<\/div>\n\n\n\n<div class=\"wp-block-group is-layout-flow wp-block-group-is-layout-flow\">\n<p>Raison n\u00b02<\/p>\n\n\n\n<p>Nos collaborateurs sp\u00e9cialistes, hautement qualifi\u00e9es et form\u00e9es sont disponibles 24\/7 !<\/p>\n<\/div>\n\n\n\n<div class=\"wp-block-group is-layout-flow wp-block-group-is-layout-flow\">\n<p>Raison n\u00b03<\/p>\n\n\n\n<p>Plus de 120 ans d\u2019exp\u00e9rience et d\u2019expertise que nous partageons avec nos clients<\/p>\n<\/div>\n<\/div>\n<\/div>\n","protected":false},"excerpt":{"rendered":"<p>NETCO\u00a0travaille avec les fabricants majeurs de ce type de technologie, en compl\u00e9ment de la gamme modulaire. Les avantages m\u00e9caniques : Aucun risque de patinage car entrainement par pignons Denture moul\u00e9e dans la bande Montage sans tension donc r\u00e9duit les efforts sur la m\u00e9canique du convoyeur Bande plus l\u00e9g\u00e8re que le modulaire Les avantages hygi\u00e9nique : [&hellip;]<\/p>\n","protected":false},"author":1,"featured_media":1329,"parent":965,"menu_order":0,"comment_status":"closed","ping_status":"closed","template":"","meta":{"_editorskit_title_hidden":false,"_editorskit_reading_time":1,"_editorskit_is_block_options_detached":false,"_editorskit_block_options_position":"{}","ghostkit_customizer_options":"","ghostkit_custom_css":"","ghostkit_custom_js_head":"","ghostkit_custom_js_foot":"","ghostkit_typography":"","slim_seo":{"title":"Bandes \u00e0 entra\u00eenement positif - NETCO","description":"NETCO\u00a0travaille avec les fabricants majeurs de ce type de technologie, en compl\u00e9ment de la gamme modulaire. Les avantages m\u00e9caniques : Les avantages hygi\u00e9nique"},"footnotes":""},"class_list":["post-4375","page","type-page","status-publish","has-post-thumbnail","hentry"],"_links":{"self":[{"href":"https:\/\/www.groupe-netco.com\/fr\/wp-json\/wp\/v2\/pages\/4375","targetHints":{"allow":["GET"]}}],"collection":[{"href":"https:\/\/www.groupe-netco.com\/fr\/wp-json\/wp\/v2\/pages"}],"about":[{"href":"https:\/\/www.groupe-netco.com\/fr\/wp-json\/wp\/v2\/types\/page"}],"author":[{"embeddable":true,"href":"https:\/\/www.groupe-netco.com\/fr\/wp-json\/wp\/v2\/users\/1"}],"replies":[{"embeddable":true,"href":"https:\/\/www.groupe-netco.com\/fr\/wp-json\/wp\/v2\/comments?post=4375"}],"version-history":[{"count":5,"href":"https:\/\/www.groupe-netco.com\/fr\/wp-json\/wp\/v2\/pages\/4375\/revisions"}],"predecessor-version":[{"id":4864,"href":"https:\/\/www.groupe-netco.com\/fr\/wp-json\/wp\/v2\/pages\/4375\/revisions\/4864"}],"up":[{"embeddable":true,"href":"https:\/\/www.groupe-netco.com\/fr\/wp-json\/wp\/v2\/pages\/965"}],"wp:featuredmedia":[{"embeddable":true,"href":"https:\/\/www.groupe-netco.com\/fr\/wp-json\/wp\/v2\/media\/1329"}],"wp:attachment":[{"href":"https:\/\/www.groupe-netco.com\/fr\/wp-json\/wp\/v2\/media?parent=4375"}],"curies":[{"name":"wp","href":"https:\/\/api.w.org\/{rel}","templated":true}]}}