{"id":1846,"date":"2022-09-13T16:00:34","date_gmt":"2022-09-13T14:00:34","guid":{"rendered":"https:\/\/netco.lasolutionglobale.be\/?page_id=1846"},"modified":"2022-10-06T13:47:56","modified_gmt":"2022-10-06T11:47:56","slug":"transmission-par-chaines","status":"publish","type":"page","link":"https:\/\/www.groupe-netco.com\/fr\/services-et-produits\/produits\/transporteurs-a-chaine\/transmission-par-chaines","title":{"rendered":"Transmission par cha\u00eenes"},"content":{"rendered":"\n<div class=\"wp-block-group ghostkit-custom-1VbGAm is-style-icones-secteurs is-nowrap is-layout-flex wp-container-core-group-is-layout-ad2f72ca wp-block-group-is-layout-flex\">\n<figure class=\"wp-block-image aligncenter size-full\"><img loading=\"lazy\" decoding=\"async\" width=\"257\" height=\"250\" src=\"https:\/\/www.groupe-netco.com\/wp-content\/uploads\/2022\/09\/environnement-dechets.png\" alt=\"environnement-dechets\" class=\"wp-image-1338\"\/><figcaption>Environnement, valorisation des d\u00e9chets<\/figcaption><\/figure>\n\n\n\n<figure class=\"wp-block-image aligncenter size-full\"><img loading=\"lazy\" decoding=\"async\" width=\"348\" height=\"250\" src=\"https:\/\/www.groupe-netco.com\/wp-content\/uploads\/2022\/09\/energie.png\" alt=\"energie\" class=\"wp-image-1337\" srcset=\"https:\/\/www.groupe-netco.com\/wp-content\/uploads\/2022\/09\/energie.png 348w, https:\/\/www.groupe-netco.com\/wp-content\/uploads\/2022\/09\/energie-300x216.png 300w\" sizes=\"auto, (max-width: 348px) 100vw, 348px\" \/><figcaption>\u00c9nergie<\/figcaption><\/figure>\n\n\n\n<figure class=\"wp-block-image aligncenter size-full\"><img loading=\"lazy\" decoding=\"async\" width=\"351\" height=\"250\" src=\"https:\/\/www.groupe-netco.com\/wp-content\/uploads\/2022\/09\/industrieminerale.png\" alt=\"industrieminerale\" class=\"wp-image-1339\" srcset=\"https:\/\/www.groupe-netco.com\/wp-content\/uploads\/2022\/09\/industrieminerale.png 351w, https:\/\/www.groupe-netco.com\/wp-content\/uploads\/2022\/09\/industrieminerale-300x214.png 300w\" sizes=\"auto, (max-width: 351px) 100vw, 351px\" \/><figcaption>Industrie min\u00e9rale, carri\u00e8re, sabli\u00e8re<\/figcaption><\/figure>\n\n\n\n<figure class=\"wp-block-image aligncenter size-full\"><img loading=\"lazy\" decoding=\"async\" width=\"239\" height=\"250\" src=\"https:\/\/www.groupe-netco.com\/wp-content\/uploads\/2022\/09\/bois-derives.png\" alt=\"bois-derives\" class=\"wp-image-1335\"\/><figcaption>Industrie bois et d\u00e9riv\u00e9s<\/figcaption><\/figure>\n\n\n\n<figure class=\"wp-block-image aligncenter size-full\"><img loading=\"lazy\" decoding=\"async\" width=\"228\" height=\"250\" src=\"https:\/\/www.groupe-netco.com\/wp-content\/uploads\/2022\/09\/siderurgie-metallurgie.png\" alt=\"siderurgie-metallurgie\" class=\"wp-image-1342\"\/><figcaption>Sid\u00e9rurgie, m\u00e9talurgie<\/figcaption><\/figure>\n\n\n\n<figure class=\"wp-block-image aligncenter size-full\"><img loading=\"lazy\" decoding=\"async\" width=\"334\" height=\"250\" src=\"https:\/\/www.groupe-netco.com\/wp-content\/uploads\/2022\/09\/machines-agricoles.png\" alt=\"machines-agricoles\" class=\"wp-image-1341\" srcset=\"https:\/\/www.groupe-netco.com\/wp-content\/uploads\/2022\/09\/machines-agricoles.png 334w, https:\/\/www.groupe-netco.com\/wp-content\/uploads\/2022\/09\/machines-agricoles-300x225.png 300w\" sizes=\"auto, (max-width: 334px) 100vw, 334px\" \/><figcaption>Machines agricoles<\/figcaption><\/figure>\n<\/div>\n\n\n\n<p class=\"has-text-align-left\">Une gamme de chaines selon vos utilisations <\/p>\n\n\n\n<h2 class=\"wp-block-heading\">Cha\u00eenes Inoxydables :<\/h2>\n\n\n\n<ul class=\"zoom wp-block-list\"><li>La solution pour une utilisation dans des conditions humides, acides ou alcalines et lorsqu\u2019un contact direct avec les aliments est \u00e0 prendre en compte.<\/li><li>Fabriqu\u00e9es avec un mat\u00e9riau approuv\u00e9 par la FDA et pr\u00e9-lubrifi\u00e9 avec un lubrifiant approuv\u00e9 par l\u2019USDA H1.<\/li><li>Fabriqu\u00e9e \u00e0 partir de mat\u00e9riaux de haute qualit\u00e9 et con\u00e7ue pour offrir des performances \u00e9lev\u00e9es dans une large plage de temp\u00e9ratures (-40 \u00b0C \u00e0 + 400 \u00b0C), o\u00f9 la r\u00e9sistance \u00e0 la corrosion est une exigence.<\/li><li>Tous les composants en acier aust\u00e9nitique r\u00e9sistant \u00e0 la corrosion<\/li><li>Finition de la surface de tous les composants pour \u00e9liminer les contraintes<\/li><li>R\u00e9sistance \u00e0 la traction d\u2019environ 65% de celle de la cha\u00eene standard en acier au carbone.<\/li><\/ul>\n\n\n\n<div class=\"wp-block-columns is-layout-flex wp-container-core-columns-is-layout-9d6595d7 wp-block-columns-is-layout-flex\">\n<div class=\"wp-block-column is-layout-flow wp-block-column-is-layout-flow\">\n<figure class=\"wp-block-image size-full zoom\"><img loading=\"lazy\" decoding=\"async\" width=\"220\" height=\"220\" src=\"https:\/\/www.groupe-netco.com\/wp-content\/uploads\/2022\/09\/renoldinoxydables.jpeg\" alt=\"\" class=\"wp-image-3011\" srcset=\"https:\/\/www.groupe-netco.com\/wp-content\/uploads\/2022\/09\/renoldinoxydables.jpeg 220w, https:\/\/www.groupe-netco.com\/wp-content\/uploads\/2022\/09\/renoldinoxydables-150x150.jpeg 150w\" sizes=\"auto, (max-width: 220px) 100vw, 220px\" \/><\/figure>\n<\/div>\n\n\n\n<div class=\"wp-block-column is-layout-flow wp-block-column-is-layout-flow\"><\/div>\n\n\n\n<div class=\"wp-block-column is-layout-flow wp-block-column-is-layout-flow\"><\/div>\n<\/div>\n\n\n\n<h2 class=\"wp-block-heading\">Cha\u00eenes Nickel\u00e9es :<\/h2>\n\n\n\n<ul class=\"wp-block-list\"><li>Offre une excellente protection contre la corrosion. Id\u00e9ale pour des applications telles que la mise en bouteille o\u00f9 les d\u00e9versements peuvent entra\u00eener la corrosion.<\/li><li>Particuli\u00e8rement efficace contre la r\u00e9sistance \u00e0 l\u2019usure et \u00e0 la fatigue, ainsi que la r\u00e9sistance \u00e0 la corrosion.<\/li><li>Sans chrome hexavalent<\/li><li>400 heures de protection contre la corrosion pendant les tests d\u2019exposition aux embruns r\u00e9pondant \u00e0 DIN 50021<\/li><li>Douille et roulement solides extrud\u00e9s \u00e0 froid assurant une performance optimum<\/li><li>Plaques et roulements grenaill\u00e9s selon nos sp\u00e9cifications exactes<\/li><li>R\u00e9sistance \u00e0 l\u2019usure et \u00e0 la fatigue pour une dur\u00e9e de vie maximum<\/li><li>R\u00e9sistance \u00e0 la traction d\u2019environ 85% de celle de la cha\u00eene standard en acier au carbone<\/li><li>Cha\u00eenes \u00ab sp\u00e9ciales \u00bb avec des attaches, des \u00e9querres, des axes creux ou zingu\u00e9e, nickel\u00e9e, chaine sans entretien<\/li><\/ul>\n\n\n\n<div class=\"wp-block-columns is-layout-flex wp-container-core-columns-is-layout-9d6595d7 wp-block-columns-is-layout-flex\">\n<div class=\"wp-block-column is-layout-flow wp-block-column-is-layout-flow\">\n<figure class=\"wp-block-image size-full zoom\"><img loading=\"lazy\" decoding=\"async\" width=\"220\" height=\"220\" src=\"https:\/\/www.groupe-netco.com\/wp-content\/uploads\/2022\/09\/renoldnickelees.jpeg\" alt=\"\" class=\"wp-image-3018\" srcset=\"https:\/\/www.groupe-netco.com\/wp-content\/uploads\/2022\/09\/renoldnickelees.jpeg 220w, https:\/\/www.groupe-netco.com\/wp-content\/uploads\/2022\/09\/renoldnickelees-150x150.jpeg 150w\" sizes=\"auto, (max-width: 220px) 100vw, 220px\" \/><\/figure>\n<\/div>\n\n\n\n<div class=\"wp-block-column is-layout-flow wp-block-column-is-layout-flow\">\n<figure class=\"wp-block-image size-full\"><img loading=\"lazy\" decoding=\"async\" width=\"222\" height=\"124\" src=\"https:\/\/www.groupe-netco.com\/wp-content\/uploads\/2022\/09\/pignon.png\" alt=\"\" class=\"wp-image-3024\"\/><\/figure>\n<\/div>\n\n\n\n<div class=\"wp-block-column is-layout-flow wp-block-column-is-layout-flow\"><\/div>\n<\/div>\n\n\n\n<div class=\"wp-block-group is-style-lightgray-section ghostkit-custom-Z1dfC0B is-layout-flow wp-block-group-is-layout-flow\">\n<h2 class=\"has-text-align-center wp-block-heading\">NETCO fait la diff\u00e9rence<\/h2>\n\n\n\n<p class=\"has-text-align-center\">Nos principaux atouts qui vous assurent une prestation de haute qualit\u00e9<\/p>\n\n\n\n<div class=\"wp-block-group is-style-services is-layout-flow wp-block-group-is-layout-flow\">\n<div class=\"wp-block-group is-layout-flow wp-block-group-is-layout-flow\">\n<p>Raison n\u00b01<\/p>\n\n\n\n<p>Acc\u00e8s \u00e0 toutes les gammes avec une logistique performante et une ind\u00e9pendance technique<\/p>\n<\/div>\n\n\n\n<div class=\"wp-block-group is-layout-flow wp-block-group-is-layout-flow\">\n<p>Raison n\u00b02<\/p>\n\n\n\n<p>Nos collaborateurs sp\u00e9cialistes, hautement qualifi\u00e9s et form\u00e9s sont disponibles 24\/7 !<\/p>\n<\/div>\n\n\n\n<div class=\"wp-block-group is-layout-flow wp-block-group-is-layout-flow\">\n<p>Raison n\u00b03<\/p>\n\n\n\n<p>Plus de 120 ans d\u2019exp\u00e9rience et d\u2019expertise que nous partageons avec nos clients<\/p>\n<\/div>\n<\/div>\n<\/div>\n","protected":false},"excerpt":{"rendered":"<p>Une gamme de chaines selon vos utilisations Cha\u00eenes Inoxydables : La solution pour une utilisation dans des conditions humides, acides ou alcalines et lorsqu\u2019un contact direct avec les aliments est \u00e0 prendre en compte. Fabriqu\u00e9es avec un mat\u00e9riau approuv\u00e9 par la FDA et pr\u00e9-lubrifi\u00e9 avec un lubrifiant approuv\u00e9 par l\u2019USDA H1. Fabriqu\u00e9e \u00e0 partir de [&hellip;]<\/p>\n","protected":false},"author":1,"featured_media":1329,"parent":967,"menu_order":0,"comment_status":"closed","ping_status":"closed","template":"","meta":{"_editorskit_title_hidden":false,"_editorskit_reading_time":1,"_editorskit_is_block_options_detached":false,"_editorskit_block_options_position":"{}","ghostkit_customizer_options":"","ghostkit_custom_css":"","ghostkit_custom_js_head":"","ghostkit_custom_js_foot":"","ghostkit_typography":"","slim_seo":{"title":"Transmission par cha\u00eenes - NETCO","description":"Une gamme de chaines selon vos utilisations Cha\u00eenes Inoxydables : Cha\u00eenes Nickel\u00e9es : NETCO fait la diff\u00e9rence Nos principaux atouts qui vous assurent une prest"},"footnotes":""},"class_list":["post-1846","page","type-page","status-publish","has-post-thumbnail","hentry"],"_links":{"self":[{"href":"https:\/\/www.groupe-netco.com\/fr\/wp-json\/wp\/v2\/pages\/1846","targetHints":{"allow":["GET"]}}],"collection":[{"href":"https:\/\/www.groupe-netco.com\/fr\/wp-json\/wp\/v2\/pages"}],"about":[{"href":"https:\/\/www.groupe-netco.com\/fr\/wp-json\/wp\/v2\/types\/page"}],"author":[{"embeddable":true,"href":"https:\/\/www.groupe-netco.com\/fr\/wp-json\/wp\/v2\/users\/1"}],"replies":[{"embeddable":true,"href":"https:\/\/www.groupe-netco.com\/fr\/wp-json\/wp\/v2\/comments?post=1846"}],"version-history":[{"count":14,"href":"https:\/\/www.groupe-netco.com\/fr\/wp-json\/wp\/v2\/pages\/1846\/revisions"}],"predecessor-version":[{"id":4574,"href":"https:\/\/www.groupe-netco.com\/fr\/wp-json\/wp\/v2\/pages\/1846\/revisions\/4574"}],"up":[{"embeddable":true,"href":"https:\/\/www.groupe-netco.com\/fr\/wp-json\/wp\/v2\/pages\/967"}],"wp:featuredmedia":[{"embeddable":true,"href":"https:\/\/www.groupe-netco.com\/fr\/wp-json\/wp\/v2\/media\/1329"}],"wp:attachment":[{"href":"https:\/\/www.groupe-netco.com\/fr\/wp-json\/wp\/v2\/media?parent=1846"}],"curies":[{"name":"wp","href":"https:\/\/api.w.org\/{rel}","templated":true}]}}