{"id":1823,"date":"2022-09-13T15:49:24","date_gmt":"2022-09-13T13:49:24","guid":{"rendered":"https:\/\/netco.lasolutionglobale.be\/?page_id=1823"},"modified":"2022-11-21T08:16:16","modified_gmt":"2022-11-21T07:16:16","slug":"bandes-alimentaires","status":"publish","type":"page","link":"https:\/\/www.groupe-netco.com\/fr\/services-et-produits\/produits\/manutention-legere\/bandes-alimentaires","title":{"rendered":"Bandes transporteuses alimentaires"},"content":{"rendered":"\n<div class=\"wp-block-group ghostkit-custom-1VbGAm is-style-icones-secteurs is-nowrap is-layout-flex wp-container-core-group-is-layout-ad2f72ca wp-block-group-is-layout-flex\">\n<figure class=\"wp-block-image aligncenter size-full\"><img loading=\"lazy\" decoding=\"async\" width=\"257\" height=\"250\" src=\"https:\/\/www.groupe-netco.com\/wp-content\/uploads\/2022\/09\/environnement-dechets.png\" alt=\"environnement-dechets\" class=\"wp-image-1338\"\/><figcaption>Environnement, valorisation des d\u00e9chets<\/figcaption><\/figure>\n\n\n\n<figure class=\"wp-block-image aligncenter size-full\"><img loading=\"lazy\" decoding=\"async\" width=\"348\" height=\"250\" src=\"https:\/\/www.groupe-netco.com\/wp-content\/uploads\/2022\/09\/energie.png\" alt=\"energie\" class=\"wp-image-1337\" srcset=\"https:\/\/www.groupe-netco.com\/wp-content\/uploads\/2022\/09\/energie.png 348w, https:\/\/www.groupe-netco.com\/wp-content\/uploads\/2022\/09\/energie-300x216.png 300w\" sizes=\"auto, (max-width: 348px) 100vw, 348px\" \/><figcaption>\u00c9nergie<\/figcaption><\/figure>\n\n\n\n<figure class=\"wp-block-image aligncenter size-full\"><img loading=\"lazy\" decoding=\"async\" width=\"351\" height=\"250\" src=\"https:\/\/www.groupe-netco.com\/wp-content\/uploads\/2022\/09\/industrieminerale.png\" alt=\"industrieminerale\" class=\"wp-image-1339\" srcset=\"https:\/\/www.groupe-netco.com\/wp-content\/uploads\/2022\/09\/industrieminerale.png 351w, https:\/\/www.groupe-netco.com\/wp-content\/uploads\/2022\/09\/industrieminerale-300x214.png 300w\" sizes=\"auto, (max-width: 351px) 100vw, 351px\" \/><figcaption>Industrie min\u00e9rale, carri\u00e8re, sabli\u00e8re<\/figcaption><\/figure>\n\n\n\n<figure class=\"wp-block-image aligncenter size-full\"><img loading=\"lazy\" decoding=\"async\" width=\"239\" height=\"250\" src=\"https:\/\/www.groupe-netco.com\/wp-content\/uploads\/2022\/09\/bois-derives.png\" alt=\"bois-derives\" class=\"wp-image-1335\"\/><figcaption>Industrie bois et d\u00e9riv\u00e9s<\/figcaption><\/figure>\n\n\n\n<figure class=\"wp-block-image aligncenter size-full\"><img loading=\"lazy\" decoding=\"async\" width=\"228\" height=\"250\" src=\"https:\/\/www.groupe-netco.com\/wp-content\/uploads\/2022\/09\/siderurgie-metallurgie.png\" alt=\"siderurgie-metallurgie\" class=\"wp-image-1342\"\/><figcaption>Sid\u00e9rurgie, m\u00e9talurgie<\/figcaption><\/figure>\n\n\n\n<figure class=\"wp-block-image aligncenter size-full\"><img loading=\"lazy\" decoding=\"async\" width=\"334\" height=\"250\" src=\"https:\/\/www.groupe-netco.com\/wp-content\/uploads\/2022\/09\/machines-agricoles.png\" alt=\"machines-agricoles\" class=\"wp-image-1341\" srcset=\"https:\/\/www.groupe-netco.com\/wp-content\/uploads\/2022\/09\/machines-agricoles.png 334w, https:\/\/www.groupe-netco.com\/wp-content\/uploads\/2022\/09\/machines-agricoles-300x225.png 300w\" sizes=\"auto, (max-width: 334px) 100vw, 334px\" \/><figcaption>Machines agricoles<\/figcaption><\/figure>\n<\/div>\n\n\n\n<p><strong>Les bandes&nbsp;selon la r\u00e9glementation FDA et EU :&nbsp;<\/strong><\/p>\n\n\n\n<p>Gr\u00e2ce \u00e0 nos partenaires fabricants Europ\u00e9ens, NETCO dispose des meilleurs produits sur le march\u00e9.<br><br>Ala fois d\u2019un point de vue technique, ainsi que sur la r\u00e8glementation alimentaire europ\u00e9enne avec les certificats d\u2019alimentarit\u00e9 fabricant \u00e0 l\u2019appui afin de fiabiliser vos process industriels et d\u2019assurer la s\u00e9curit\u00e9 alimentaire en limitant fortement la contamination des produits transport\u00e9s.<\/p>\n\n\n\n<div style=\"height:1rem\" aria-hidden=\"true\" class=\"wp-block-spacer\"><\/div>\n\n\n\n<div class=\"wp-block-columns is-layout-flex wp-container-core-columns-is-layout-9d6595d7 wp-block-columns-is-layout-flex\">\n<div class=\"wp-block-column is-layout-flow wp-block-column-is-layout-flow\">\n<figure class=\"wp-block-image size-large zoom\"><img loading=\"lazy\" decoding=\"async\" width=\"1024\" height=\"683\" src=\"https:\/\/www.groupe-netco.com\/wp-content\/uploads\/2022\/09\/iStock-1408684593-1024x683.jpg\" alt=\"\" class=\"wp-image-2408\" srcset=\"https:\/\/www.groupe-netco.com\/wp-content\/uploads\/2022\/09\/iStock-1408684593-1024x683.jpg 1024w, https:\/\/www.groupe-netco.com\/wp-content\/uploads\/2022\/09\/iStock-1408684593-300x200.jpg 300w, https:\/\/www.groupe-netco.com\/wp-content\/uploads\/2022\/09\/iStock-1408684593-768x512.jpg 768w, https:\/\/www.groupe-netco.com\/wp-content\/uploads\/2022\/09\/iStock-1408684593-1536x1024.jpg 1536w, https:\/\/www.groupe-netco.com\/wp-content\/uploads\/2022\/09\/iStock-1408684593-2048x1365.jpg 2048w\" sizes=\"auto, (max-width: 1024px) 100vw, 1024px\" \/><\/figure>\n<\/div>\n\n\n\n<div class=\"wp-block-column is-layout-flow wp-block-column-is-layout-flow\">\n<figure class=\"wp-block-image size-large is-resized zoom\"><img loading=\"lazy\" decoding=\"async\" src=\"https:\/\/www.groupe-netco.com\/wp-content\/uploads\/2022\/09\/iStock-944479130-1024x683.jpg\" alt=\"\" class=\"wp-image-2411\" width=\"471\" height=\"314\" srcset=\"https:\/\/www.groupe-netco.com\/wp-content\/uploads\/2022\/09\/iStock-944479130-1024x683.jpg 1024w, https:\/\/www.groupe-netco.com\/wp-content\/uploads\/2022\/09\/iStock-944479130-300x200.jpg 300w, https:\/\/www.groupe-netco.com\/wp-content\/uploads\/2022\/09\/iStock-944479130-768x512.jpg 768w, https:\/\/www.groupe-netco.com\/wp-content\/uploads\/2022\/09\/iStock-944479130-1536x1024.jpg 1536w, https:\/\/www.groupe-netco.com\/wp-content\/uploads\/2022\/09\/iStock-944479130-2048x1365.jpg 2048w\" sizes=\"auto, (max-width: 471px) 100vw, 471px\" \/><\/figure>\n<\/div>\n\n\n\n<div class=\"wp-block-column is-layout-flow wp-block-column-is-layout-flow\">\n<figure class=\"wp-block-image size-large zoom\"><img loading=\"lazy\" decoding=\"async\" width=\"1024\" height=\"683\" src=\"https:\/\/www.groupe-netco.com\/wp-content\/uploads\/2022\/09\/iStock-1034951844-1024x683.jpg\" alt=\"\" class=\"wp-image-2416\" srcset=\"https:\/\/www.groupe-netco.com\/wp-content\/uploads\/2022\/09\/iStock-1034951844-1024x683.jpg 1024w, https:\/\/www.groupe-netco.com\/wp-content\/uploads\/2022\/09\/iStock-1034951844-300x200.jpg 300w, https:\/\/www.groupe-netco.com\/wp-content\/uploads\/2022\/09\/iStock-1034951844-768x512.jpg 768w, https:\/\/www.groupe-netco.com\/wp-content\/uploads\/2022\/09\/iStock-1034951844-1536x1024.jpg 1536w, https:\/\/www.groupe-netco.com\/wp-content\/uploads\/2022\/09\/iStock-1034951844-2048x1365.jpg 2048w\" sizes=\"auto, (max-width: 1024px) 100vw, 1024px\" \/><\/figure>\n<\/div>\n<\/div>\n\n\n\n<p><strong>Autres types de bandes alimentaires &nbsp;:<\/strong><\/p>\n\n\n\n<p>Bandes \u00e9quip\u00e9es de tasseaux extrud\u00e9s ou renforc\u00e9s confectionn\u00e9es sur notre plateforme sp\u00e9cialis\u00e9e PVC\/PU<br>Bandes techniques adapt\u00e9es pour les faibles diam\u00e8tres d&rsquo;enroulement avec stock disponible<\/p>\n\n\n\n<div class=\"wp-block-columns is-layout-flex wp-container-core-columns-is-layout-9d6595d7 wp-block-columns-is-layout-flex\">\n<div class=\"wp-block-column is-layout-flow wp-block-column-is-layout-flow\">\n<figure class=\"wp-block-image size-large zoom\"><img loading=\"lazy\" decoding=\"async\" width=\"1024\" height=\"680\" src=\"https:\/\/www.groupe-netco.com\/wp-content\/uploads\/2022\/09\/iStock-157609177-1-1024x680.jpg\" alt=\"\" class=\"wp-image-2431\" srcset=\"https:\/\/www.groupe-netco.com\/wp-content\/uploads\/2022\/09\/iStock-157609177-1-1024x680.jpg 1024w, https:\/\/www.groupe-netco.com\/wp-content\/uploads\/2022\/09\/iStock-157609177-1-300x199.jpg 300w, https:\/\/www.groupe-netco.com\/wp-content\/uploads\/2022\/09\/iStock-157609177-1-768x510.jpg 768w, https:\/\/www.groupe-netco.com\/wp-content\/uploads\/2022\/09\/iStock-157609177-1-1536x1020.jpg 1536w, https:\/\/www.groupe-netco.com\/wp-content\/uploads\/2022\/09\/iStock-157609177-1-2048x1360.jpg 2048w\" sizes=\"auto, (max-width: 1024px) 100vw, 1024px\" \/><\/figure>\n<\/div>\n\n\n\n<div class=\"wp-block-column is-layout-flow wp-block-column-is-layout-flow\">\n<figure class=\"wp-block-image size-large zoom\"><img loading=\"lazy\" decoding=\"async\" width=\"1024\" height=\"683\" src=\"https:\/\/www.groupe-netco.com\/wp-content\/uploads\/2022\/09\/iStock-486019827-1024x683.jpg\" alt=\"\" class=\"wp-image-2434\" srcset=\"https:\/\/www.groupe-netco.com\/wp-content\/uploads\/2022\/09\/iStock-486019827-1024x683.jpg 1024w, https:\/\/www.groupe-netco.com\/wp-content\/uploads\/2022\/09\/iStock-486019827-300x200.jpg 300w, https:\/\/www.groupe-netco.com\/wp-content\/uploads\/2022\/09\/iStock-486019827-768x512.jpg 768w, https:\/\/www.groupe-netco.com\/wp-content\/uploads\/2022\/09\/iStock-486019827-1536x1024.jpg 1536w, https:\/\/www.groupe-netco.com\/wp-content\/uploads\/2022\/09\/iStock-486019827-2048x1365.jpg 2048w\" sizes=\"auto, (max-width: 1024px) 100vw, 1024px\" \/><\/figure>\n<\/div>\n\n\n\n<div class=\"wp-block-column is-layout-flow wp-block-column-is-layout-flow\">\n<figure class=\"wp-block-image size-full zoom\"><img loading=\"lazy\" decoding=\"async\" width=\"1024\" height=\"681\" src=\"https:\/\/www.groupe-netco.com\/wp-content\/uploads\/2022\/10\/20210702_070328.jpg\" alt=\"\" class=\"wp-image-4320\" srcset=\"https:\/\/www.groupe-netco.com\/wp-content\/uploads\/2022\/10\/20210702_070328.jpg 1024w, https:\/\/www.groupe-netco.com\/wp-content\/uploads\/2022\/10\/20210702_070328-300x200.jpg 300w, https:\/\/www.groupe-netco.com\/wp-content\/uploads\/2022\/10\/20210702_070328-768x511.jpg 768w\" sizes=\"auto, (max-width: 1024px) 100vw, 1024px\" \/><figcaption>Tasseaux soud\u00e9s sur machine haute fr\u00e9quence<\/figcaption><\/figure>\n<\/div>\n<\/div>\n\n\n\n<p><strong>Bandes courbes &nbsp;:<\/strong><\/p>\n\n\n\n<p>R\u00e9alisation de bandes courbes sur mesure dans nos ateliers avec stock sp\u00e9cifique d\u00e9di\u00e9 <br><\/p>\n\n\n\n<div class=\"wp-block-columns is-layout-flex wp-container-core-columns-is-layout-9d6595d7 wp-block-columns-is-layout-flex\">\n<div class=\"wp-block-column is-layout-flow wp-block-column-is-layout-flow\">\n<figure class=\"wp-block-image size-full zoom\"><img loading=\"lazy\" decoding=\"async\" width=\"507\" height=\"300\" src=\"https:\/\/www.groupe-netco.com\/wp-content\/uploads\/2022\/10\/PVC.jpg\" alt=\"\" class=\"wp-image-4302\" srcset=\"https:\/\/www.groupe-netco.com\/wp-content\/uploads\/2022\/10\/PVC.jpg 507w, https:\/\/www.groupe-netco.com\/wp-content\/uploads\/2022\/10\/PVC-300x178.jpg 300w\" sizes=\"auto, (max-width: 507px) 100vw, 507px\" \/><\/figure>\n<\/div>\n\n\n\n<div class=\"wp-block-column is-layout-flow wp-block-column-is-layout-flow\">\n<figure class=\"wp-block-image size-full zoom\"><img loading=\"lazy\" decoding=\"async\" width=\"507\" height=\"300\" src=\"https:\/\/www.groupe-netco.com\/wp-content\/uploads\/2022\/10\/PVC2-1.jpg\" alt=\"\" class=\"wp-image-4306\" srcset=\"https:\/\/www.groupe-netco.com\/wp-content\/uploads\/2022\/10\/PVC2-1.jpg 507w, https:\/\/www.groupe-netco.com\/wp-content\/uploads\/2022\/10\/PVC2-1-300x178.jpg 300w\" sizes=\"auto, (max-width: 507px) 100vw, 507px\" \/><\/figure>\n<\/div>\n\n\n\n<div class=\"wp-block-column is-layout-flow wp-block-column-is-layout-flow\">\n<figure class=\"wp-block-image size-full zoom\"><img loading=\"lazy\" decoding=\"async\" width=\"507\" height=\"300\" src=\"https:\/\/www.groupe-netco.com\/wp-content\/uploads\/2022\/10\/image002-2.jpg\" alt=\"\" class=\"wp-image-4316\" srcset=\"https:\/\/www.groupe-netco.com\/wp-content\/uploads\/2022\/10\/image002-2.jpg 507w, https:\/\/www.groupe-netco.com\/wp-content\/uploads\/2022\/10\/image002-2-300x178.jpg 300w\" sizes=\"auto, (max-width: 507px) 100vw, 507px\" \/><\/figure>\n<\/div>\n<\/div>\n\n\n\n<div class=\"wp-block-group is-style-lightgray-section ghostkit-custom-Z1dfC0B is-layout-flow wp-block-group-is-layout-flow\">\n<h2 class=\"has-text-align-center wp-block-heading\">NETCO fait la diff\u00e9rence<\/h2>\n\n\n\n<p class=\"has-text-align-center\">Nos principaux atouts qui vous assurent une prestation de haute qualit\u00e9<\/p>\n\n\n\n<div class=\"wp-block-group is-style-services is-layout-flow wp-block-group-is-layout-flow\">\n<div class=\"wp-block-group is-layout-flow wp-block-group-is-layout-flow\">\n<p>Raison n\u00b03<\/p>\n\n\n\n<p>Atelier sp\u00e9cialis\u00e9 dans la confection de bandes PVC\/PU avec respect des normes alimentaires <\/p>\n<\/div>\n\n\n\n<div class=\"wp-block-group is-layout-flow wp-block-group-is-layout-flow\">\n<p>Raison n\u00b01<\/p>\n\n\n\n<p>Acc\u00e8s \u00e0 toutes les gammes avec une logistique performante et une ind\u00e9pendance technique<\/p>\n<\/div>\n\n\n\n<div class=\"wp-block-group is-layout-flow wp-block-group-is-layout-flow\">\n<p>Raison n\u00b02<\/p>\n\n\n\n<p>Nos collaborateurs sp\u00e9cialistes, hautement qualifi\u00e9s et form\u00e9s sont disponibles 24\/7 !<\/p>\n<\/div>\n\n\n\n<div class=\"wp-block-group is-layout-flow wp-block-group-is-layout-flow\">\n<p>Raison n\u00b03<\/p>\n\n\n\n<p>Plus de 120 ans d\u2019exp\u00e9rience et d\u2019expertise que nous partageons avec nos clients<\/p>\n<\/div>\n<\/div>\n<\/div>\n","protected":false},"excerpt":{"rendered":"<p>Les bandes&nbsp;selon la r\u00e9glementation FDA et EU :&nbsp; Gr\u00e2ce \u00e0 nos partenaires fabricants Europ\u00e9ens, NETCO dispose des meilleurs produits sur le march\u00e9. Ala fois d\u2019un point de vue technique, ainsi que sur la r\u00e8glementation alimentaire europ\u00e9enne avec les certificats d\u2019alimentarit\u00e9 fabricant \u00e0 l\u2019appui afin de fiabiliser vos process industriels et d\u2019assurer la s\u00e9curit\u00e9 alimentaire en [&hellip;]<\/p>\n","protected":false},"author":1,"featured_media":1329,"parent":965,"menu_order":0,"comment_status":"closed","ping_status":"closed","template":"","meta":{"_editorskit_title_hidden":false,"_editorskit_reading_time":1,"_editorskit_is_block_options_detached":false,"_editorskit_block_options_position":"{}","ghostkit_customizer_options":"","ghostkit_custom_css":"","ghostkit_custom_js_head":"","ghostkit_custom_js_foot":"","ghostkit_typography":"","slim_seo":{"title":"Bandes transporteuses alimentaires - NETCO","description":"Les bandes&nbsp;selon la r\u00e9glementation FDA et EU :&nbsp; Gr\u00e2ce \u00e0 nos partenaires fabricants Europ\u00e9ens, NETCO dispose des meilleurs produits sur le march\u00e9. Ala"},"footnotes":""},"class_list":["post-1823","page","type-page","status-publish","has-post-thumbnail","hentry"],"_links":{"self":[{"href":"https:\/\/www.groupe-netco.com\/fr\/wp-json\/wp\/v2\/pages\/1823","targetHints":{"allow":["GET"]}}],"collection":[{"href":"https:\/\/www.groupe-netco.com\/fr\/wp-json\/wp\/v2\/pages"}],"about":[{"href":"https:\/\/www.groupe-netco.com\/fr\/wp-json\/wp\/v2\/types\/page"}],"author":[{"embeddable":true,"href":"https:\/\/www.groupe-netco.com\/fr\/wp-json\/wp\/v2\/users\/1"}],"replies":[{"embeddable":true,"href":"https:\/\/www.groupe-netco.com\/fr\/wp-json\/wp\/v2\/comments?post=1823"}],"version-history":[{"count":36,"href":"https:\/\/www.groupe-netco.com\/fr\/wp-json\/wp\/v2\/pages\/1823\/revisions"}],"predecessor-version":[{"id":5149,"href":"https:\/\/www.groupe-netco.com\/fr\/wp-json\/wp\/v2\/pages\/1823\/revisions\/5149"}],"up":[{"embeddable":true,"href":"https:\/\/www.groupe-netco.com\/fr\/wp-json\/wp\/v2\/pages\/965"}],"wp:featuredmedia":[{"embeddable":true,"href":"https:\/\/www.groupe-netco.com\/fr\/wp-json\/wp\/v2\/media\/1329"}],"wp:attachment":[{"href":"https:\/\/www.groupe-netco.com\/fr\/wp-json\/wp\/v2\/media?parent=1823"}],"curies":[{"name":"wp","href":"https:\/\/api.w.org\/{rel}","templated":true}]}}