{"id":1731,"date":"2022-09-13T10:34:33","date_gmt":"2022-09-13T08:34:33","guid":{"rendered":"https:\/\/netco.lasolutionglobale.be\/?page_id=1731"},"modified":"2022-10-05T03:02:35","modified_gmt":"2022-10-05T01:02:35","slug":"sante-securite-et-bien-etre","status":"publish","type":"page","link":"https:\/\/www.groupe-netco.com\/fr\/lhumain-chez-netco\/sante-securite-et-bien-etre","title":{"rendered":"Sant\u00e9, s\u00e9curit\u00e9 et bien-\u00eatre"},"content":{"rendered":"\n<div class=\"wp-block-group is-style-white-section-yellow-shadow is-layout-flow wp-block-group-is-layout-flow\"><nav class=\"breadcrumbs\" aria-label=\"Fil d\u2019Ariane\"><a href=\"https:\/\/www.groupe-netco.com\/fr\" class=\"breadcrumb breadcrumb--first\">Accueil<\/a><\/nav>\n\n\n\n<h2 class=\"wp-block-heading\">Un objectif prioritaire<\/h2>\n\n\n\n<p>Particuli\u00e8rement vigilants sur la s\u00e9curit\u00e9 de nos collaborateurs, nous veillons \u00e0 les prot\u00e9ger au quotidien par des mesures de pr\u00e9vention et sensibilisation aux diff\u00e9rents risques.<\/p>\n\n\n\n<p>Parce que l\u2019\u00e9panouissement professionnel des salari\u00e9s est essentiel chez NETCO, nous sommes engag\u00e9s dans une d\u00e9marche d\u2019am\u00e9lioration de la qualit\u00e9 de vie au travail.<\/p>\n\n\n\n<p><\/p>\n\n\n\n<p><\/p>\n<\/div>\n","protected":false},"excerpt":{"rendered":"<p>Un objectif prioritaire Particuli\u00e8rement vigilants sur la s\u00e9curit\u00e9 de nos collaborateurs, nous veillons \u00e0 les prot\u00e9ger au quotidien par des mesures de pr\u00e9vention et sensibilisation aux diff\u00e9rents risques. Parce que l\u2019\u00e9panouissement professionnel des salari\u00e9s est essentiel chez NETCO, nous sommes engag\u00e9s dans une d\u00e9marche d\u2019am\u00e9lioration de la qualit\u00e9 de vie au travail.<\/p>\n","protected":false},"author":1,"featured_media":2181,"parent":42,"menu_order":0,"comment_status":"closed","ping_status":"closed","template":"","meta":{"_editorskit_title_hidden":false,"_editorskit_reading_time":1,"_editorskit_is_block_options_detached":false,"_editorskit_block_options_position":"{}","ghostkit_customizer_options":"","ghostkit_custom_css":"","ghostkit_custom_js_head":"","ghostkit_custom_js_foot":"","ghostkit_typography":"","slim_seo":{"title":"Sant\u00e9, s\u00e9curit\u00e9 et bien-\u00eatre - NETCO","description":"Un objectif prioritaire Particuli\u00e8rement vigilants sur la s\u00e9curit\u00e9 de nos collaborateurs, nous veillons \u00e0 les prot\u00e9ger au quotidien par des mesures de pr\u00e9ventio"},"footnotes":""},"class_list":["post-1731","page","type-page","status-publish","has-post-thumbnail","hentry"],"_links":{"self":[{"href":"https:\/\/www.groupe-netco.com\/fr\/wp-json\/wp\/v2\/pages\/1731","targetHints":{"allow":["GET"]}}],"collection":[{"href":"https:\/\/www.groupe-netco.com\/fr\/wp-json\/wp\/v2\/pages"}],"about":[{"href":"https:\/\/www.groupe-netco.com\/fr\/wp-json\/wp\/v2\/types\/page"}],"author":[{"embeddable":true,"href":"https:\/\/www.groupe-netco.com\/fr\/wp-json\/wp\/v2\/users\/1"}],"replies":[{"embeddable":true,"href":"https:\/\/www.groupe-netco.com\/fr\/wp-json\/wp\/v2\/comments?post=1731"}],"version-history":[{"count":8,"href":"https:\/\/www.groupe-netco.com\/fr\/wp-json\/wp\/v2\/pages\/1731\/revisions"}],"predecessor-version":[{"id":4273,"href":"https:\/\/www.groupe-netco.com\/fr\/wp-json\/wp\/v2\/pages\/1731\/revisions\/4273"}],"up":[{"embeddable":true,"href":"https:\/\/www.groupe-netco.com\/fr\/wp-json\/wp\/v2\/pages\/42"}],"wp:featuredmedia":[{"embeddable":true,"href":"https:\/\/www.groupe-netco.com\/fr\/wp-json\/wp\/v2\/media\/2181"}],"wp:attachment":[{"href":"https:\/\/www.groupe-netco.com\/fr\/wp-json\/wp\/v2\/media?parent=1731"}],"curies":[{"name":"wp","href":"https:\/\/api.w.org\/{rel}","templated":true}]}}