{"id":1378,"date":"2022-09-02T13:35:34","date_gmt":"2022-09-02T11:35:34","guid":{"rendered":"https:\/\/netco.lasolutionglobale.be\/?page_id=1378"},"modified":"2022-10-06T13:22:47","modified_gmt":"2022-10-06T11:22:47","slug":"racleurs-et-brosses","status":"publish","type":"page","link":"https:\/\/www.groupe-netco.com\/fr\/services-et-produits\/produits\/manutention-lourde\/racleurs-et-brosses","title":{"rendered":"Racleurs et Brosses"},"content":{"rendered":"\n<div class=\"wp-block-group ghostkit-custom-1VbGAm is-style-icones-secteurs is-nowrap is-layout-flex wp-container-core-group-is-layout-ad2f72ca wp-block-group-is-layout-flex\">\n<figure class=\"wp-block-image aligncenter size-full\"><img loading=\"lazy\" decoding=\"async\" width=\"257\" height=\"250\" src=\"https:\/\/www.groupe-netco.com\/wp-content\/uploads\/2022\/09\/environnement-dechets.png\" alt=\"environnement-dechets\" class=\"wp-image-1338\"\/><figcaption>Environnement, valorisation des d\u00e9chets<\/figcaption><\/figure>\n\n\n\n<figure class=\"wp-block-image aligncenter size-full\"><img loading=\"lazy\" decoding=\"async\" width=\"348\" height=\"250\" src=\"https:\/\/www.groupe-netco.com\/wp-content\/uploads\/2022\/09\/energie.png\" alt=\"energie\" class=\"wp-image-1337\" srcset=\"https:\/\/www.groupe-netco.com\/wp-content\/uploads\/2022\/09\/energie.png 348w, https:\/\/www.groupe-netco.com\/wp-content\/uploads\/2022\/09\/energie-300x216.png 300w\" sizes=\"auto, (max-width: 348px) 100vw, 348px\" \/><figcaption>\u00c9nergie<\/figcaption><\/figure>\n\n\n\n<figure class=\"wp-block-image aligncenter size-full\"><img loading=\"lazy\" decoding=\"async\" width=\"351\" height=\"250\" src=\"https:\/\/www.groupe-netco.com\/wp-content\/uploads\/2022\/09\/industrieminerale.png\" alt=\"industrieminerale\" class=\"wp-image-1339\" srcset=\"https:\/\/www.groupe-netco.com\/wp-content\/uploads\/2022\/09\/industrieminerale.png 351w, https:\/\/www.groupe-netco.com\/wp-content\/uploads\/2022\/09\/industrieminerale-300x214.png 300w\" sizes=\"auto, (max-width: 351px) 100vw, 351px\" \/><figcaption>Industrie min\u00e9rale, carri\u00e8re, sabli\u00e8re<\/figcaption><\/figure>\n\n\n\n<figure class=\"wp-block-image aligncenter size-full\"><img loading=\"lazy\" decoding=\"async\" width=\"239\" height=\"250\" src=\"https:\/\/www.groupe-netco.com\/wp-content\/uploads\/2022\/09\/bois-derives.png\" alt=\"bois-derives\" class=\"wp-image-1335\"\/><figcaption>Industrie bois et d\u00e9riv\u00e9s<\/figcaption><\/figure>\n\n\n\n<figure class=\"wp-block-image aligncenter size-full\"><img loading=\"lazy\" decoding=\"async\" width=\"228\" height=\"250\" src=\"https:\/\/www.groupe-netco.com\/wp-content\/uploads\/2022\/09\/siderurgie-metallurgie.png\" alt=\"siderurgie-metallurgie\" class=\"wp-image-1342\"\/><figcaption>Sid\u00e9rurgie, m\u00e9talurgie<\/figcaption><\/figure>\n\n\n\n<figure class=\"wp-block-image aligncenter size-full\"><img loading=\"lazy\" decoding=\"async\" width=\"334\" height=\"250\" src=\"https:\/\/www.groupe-netco.com\/wp-content\/uploads\/2022\/09\/machines-agricoles.png\" alt=\"machines-agricoles\" class=\"wp-image-1341\" srcset=\"https:\/\/www.groupe-netco.com\/wp-content\/uploads\/2022\/09\/machines-agricoles.png 334w, https:\/\/www.groupe-netco.com\/wp-content\/uploads\/2022\/09\/machines-agricoles-300x225.png 300w\" sizes=\"auto, (max-width: 334px) 100vw, 334px\" \/><figcaption>Machines agricoles<\/figcaption><\/figure>\n<\/div>\n\n\n\n<p><strong>Les avantages :<\/strong><\/p>\n\n\n\n<ul class=\"wp-block-list\"><li>\u00c9l\u00e9ments interchangeables (pas de n\u00e9cessit\u00e9 de changer l\u2019\u00e9quipement complet),<\/li><li>Syst\u00e8me dit \u2018racleur primaire\u2019&nbsp;: mont\u00e9 sur le tambour de t\u00eate et sous le flux de mati\u00e8re,<\/li><li>Syst\u00e8me dit \u2018racleur secondaire\u2019 situ\u00e9 juste apr\u00e8s le point o\u00f9 la bande quitte le tambour de t\u00eate,<\/li><li>Coupler un racleur primaire et secondaire est particuli\u00e8rement utile pour augmenter l&rsquo;efficacit\u00e9 du nettoyage \u00e0 plus de 90% et augmente encore les b\u00e9n\u00e9fices du nettoyage,<\/li><\/ul>\n\n\n\n<p><strong>Les racleurs primaires<\/strong><\/p>\n\n\n\n<p>Diff\u00e9rentes options de lames sont possibles comme des lames en polyur\u00e9thane, carbure de tungst\u00e8ne\u2026<\/p>\n\n\n\n<div class=\"wp-block-columns is-layout-flex wp-container-core-columns-is-layout-9d6595d7 wp-block-columns-is-layout-flex\">\n<div class=\"wp-block-column is-layout-flow wp-block-column-is-layout-flow\">\n<figure class=\"wp-block-image size-full\"><img loading=\"lazy\" decoding=\"async\" width=\"675\" height=\"481\" src=\"https:\/\/www.groupe-netco.com\/wp-content\/uploads\/2022\/09\/Racleur-primaire-1-.png\" alt=\"Racleur primaire 1\" class=\"wp-image-1509\" srcset=\"https:\/\/www.groupe-netco.com\/wp-content\/uploads\/2022\/09\/Racleur-primaire-1-.png 675w, https:\/\/www.groupe-netco.com\/wp-content\/uploads\/2022\/09\/Racleur-primaire-1--300x214.png 300w\" sizes=\"auto, (max-width: 675px) 100vw, 675px\" \/><\/figure>\n<\/div>\n\n\n\n<div class=\"wp-block-column is-layout-flow wp-block-column-is-layout-flow\">\n<figure class=\"wp-block-image size-full\"><img loading=\"lazy\" decoding=\"async\" width=\"912\" height=\"912\" src=\"https:\/\/www.groupe-netco.com\/wp-content\/uploads\/2022\/09\/Racleur-primaire-2.jpg\" alt=\"Racleur primaire 2\" class=\"wp-image-1510\" srcset=\"https:\/\/www.groupe-netco.com\/wp-content\/uploads\/2022\/09\/Racleur-primaire-2.jpg 912w, https:\/\/www.groupe-netco.com\/wp-content\/uploads\/2022\/09\/Racleur-primaire-2-300x300.jpg 300w, https:\/\/www.groupe-netco.com\/wp-content\/uploads\/2022\/09\/Racleur-primaire-2-150x150.jpg 150w, https:\/\/www.groupe-netco.com\/wp-content\/uploads\/2022\/09\/Racleur-primaire-2-768x768.jpg 768w\" sizes=\"auto, (max-width: 912px) 100vw, 912px\" \/><\/figure>\n<\/div>\n\n\n\n<div class=\"wp-block-column is-layout-flow wp-block-column-is-layout-flow\">\n<figure class=\"wp-block-image size-full\"><img loading=\"lazy\" decoding=\"async\" width=\"467\" height=\"275\" src=\"https:\/\/www.groupe-netco.com\/wp-content\/uploads\/2022\/09\/Racleur-primaire-3-.png\" alt=\"Racleur primaire 3\" class=\"wp-image-1511\" srcset=\"https:\/\/www.groupe-netco.com\/wp-content\/uploads\/2022\/09\/Racleur-primaire-3-.png 467w, https:\/\/www.groupe-netco.com\/wp-content\/uploads\/2022\/09\/Racleur-primaire-3--300x177.png 300w\" sizes=\"auto, (max-width: 467px) 100vw, 467px\" \/><\/figure>\n<\/div>\n\n\n\n<div class=\"wp-block-column is-layout-flow wp-block-column-is-layout-flow\"><\/div>\n<\/div>\n\n\n\n<p><strong>Les racleurs secondaires<\/strong><\/p>\n\n\n\n<p>Diff\u00e9rentes options de lames sont \u00e9galement possibles comme des lames en polyur\u00e9thane, carbure de tungst\u00e8ne\u2026<\/p>\n\n\n\n<div class=\"wp-block-columns is-layout-flex wp-container-core-columns-is-layout-9d6595d7 wp-block-columns-is-layout-flex\">\n<div class=\"wp-block-column is-layout-flow wp-block-column-is-layout-flow\">\n<figure class=\"wp-block-image size-full\"><img loading=\"lazy\" decoding=\"async\" width=\"308\" height=\"232\" src=\"https:\/\/www.groupe-netco.com\/wp-content\/uploads\/2022\/09\/Racleur-secondaire-1.jpg\" alt=\"Racleur secondaire 1\" class=\"wp-image-1514\" srcset=\"https:\/\/www.groupe-netco.com\/wp-content\/uploads\/2022\/09\/Racleur-secondaire-1.jpg 308w, https:\/\/www.groupe-netco.com\/wp-content\/uploads\/2022\/09\/Racleur-secondaire-1-300x226.jpg 300w\" sizes=\"auto, (max-width: 308px) 100vw, 308px\" \/><\/figure>\n<\/div>\n\n\n\n<div class=\"wp-block-column is-layout-flow wp-block-column-is-layout-flow\">\n<figure class=\"wp-block-image size-full\"><img loading=\"lazy\" decoding=\"async\" width=\"122\" height=\"77\" src=\"https:\/\/www.groupe-netco.com\/wp-content\/uploads\/2022\/09\/Racleur-secondaire-2.jpg\" alt=\"Racleur secondaire 2\" class=\"wp-image-1515\"\/><\/figure>\n<\/div>\n\n\n\n<div class=\"wp-block-column is-layout-flow wp-block-column-is-layout-flow\">\n<figure class=\"wp-block-image size-full\"><img loading=\"lazy\" decoding=\"async\" width=\"372\" height=\"235\" src=\"https:\/\/www.groupe-netco.com\/wp-content\/uploads\/2022\/09\/Racleur-secondaire-3.png\" alt=\"Racleur secondaire 3\" class=\"wp-image-1516\" srcset=\"https:\/\/www.groupe-netco.com\/wp-content\/uploads\/2022\/09\/Racleur-secondaire-3.png 372w, https:\/\/www.groupe-netco.com\/wp-content\/uploads\/2022\/09\/Racleur-secondaire-3-300x190.png 300w\" sizes=\"auto, (max-width: 372px) 100vw, 372px\" \/><\/figure>\n<\/div>\n\n\n\n<div class=\"wp-block-column is-layout-flow wp-block-column-is-layout-flow\"><\/div>\n<\/div>\n\n\n\n<p><strong>Les racleurs sp\u00e9cifiques<\/strong><\/p>\n\n\n\n<p>Il existe des racleurs sp\u00e9cifiques sp\u00e9cialement \u00e9tudi\u00e9s pour \u00eatre utilis\u00e9s avec des bandes \u00e0 chevrons <\/p>\n\n\n\n<div class=\"wp-block-columns is-layout-flex wp-container-core-columns-is-layout-9d6595d7 wp-block-columns-is-layout-flex\">\n<div class=\"wp-block-column is-layout-flow wp-block-column-is-layout-flow\">\n<figure class=\"wp-block-image size-full\"><img loading=\"lazy\" decoding=\"async\" width=\"700\" height=\"390\" src=\"https:\/\/www.groupe-netco.com\/wp-content\/uploads\/2022\/09\/Racleur-a-brosse-1-.png\" alt=\"Racleur a brosse 1\" class=\"wp-image-1507\" srcset=\"https:\/\/www.groupe-netco.com\/wp-content\/uploads\/2022\/09\/Racleur-a-brosse-1-.png 700w, https:\/\/www.groupe-netco.com\/wp-content\/uploads\/2022\/09\/Racleur-a-brosse-1--300x167.png 300w\" sizes=\"auto, (max-width: 700px) 100vw, 700px\" \/><\/figure>\n<\/div>\n\n\n\n<div class=\"wp-block-column is-layout-flow wp-block-column-is-layout-flow\">\n<figure class=\"wp-block-image size-full\"><img loading=\"lazy\" decoding=\"async\" width=\"445\" height=\"355\" src=\"https:\/\/www.groupe-netco.com\/wp-content\/uploads\/2022\/09\/Racleur-a-brosse-2-.png\" alt=\"Racleur a brosse 2\" class=\"wp-image-1508\" srcset=\"https:\/\/www.groupe-netco.com\/wp-content\/uploads\/2022\/09\/Racleur-a-brosse-2-.png 445w, https:\/\/www.groupe-netco.com\/wp-content\/uploads\/2022\/09\/Racleur-a-brosse-2--300x239.png 300w\" sizes=\"auto, (max-width: 445px) 100vw, 445px\" \/><\/figure>\n<\/div>\n\n\n\n<div class=\"wp-block-column is-layout-flow wp-block-column-is-layout-flow\"><\/div>\n\n\n\n<div class=\"wp-block-column is-layout-flow wp-block-column-is-layout-flow\"><\/div>\n<\/div>\n\n\n\n<div class=\"wp-block-group is-style-lightgray-section ghostkit-custom-Z2ebp8j is-layout-flow wp-block-group-is-layout-flow\">\n<h2 class=\"has-text-align-center wp-block-heading\">NETCO fait la diff\u00e9rence<\/h2>\n\n\n\n<p class=\"has-text-align-center\">Nos principaux atouts qui vous assurent une prestation de haute qualit\u00e9<\/p>\n\n\n\n<div class=\"wp-block-group is-style-services is-layout-flow wp-block-group-is-layout-flow\">\n<div class=\"wp-block-group is-layout-flow wp-block-group-is-layout-flow\">\n<p>Raison n\u00b01<\/p>\n\n\n\n<p>Acc\u00e8s \u00e0 toutes les gammes avec une logistique performante et une ind\u00e9pendance technique<\/p>\n<\/div>\n\n\n\n<div class=\"wp-block-group is-layout-flow wp-block-group-is-layout-flow\">\n<p>Raison n\u00b02<\/p>\n\n\n\n<p>Nos collaborateurs sp\u00e9cialistes, hautement qualifi\u00e9s et form\u00e9s sont disponibles 24\/7 !<\/p>\n<\/div>\n\n\n\n<div class=\"wp-block-group is-layout-flow wp-block-group-is-layout-flow\">\n<p>Raison n\u00b03<\/p>\n\n\n\n<p>Plus de 120 ans d\u2019exp\u00e9rience et d\u2019expertise que nous partageons avec nos clients<\/p>\n<\/div>\n<\/div>\n<\/div>\n","protected":false},"excerpt":{"rendered":"<p>Les avantages : \u00c9l\u00e9ments interchangeables (pas de n\u00e9cessit\u00e9 de changer l\u2019\u00e9quipement complet), Syst\u00e8me dit \u2018racleur primaire\u2019&nbsp;: mont\u00e9 sur le tambour de t\u00eate et sous le flux de mati\u00e8re, Syst\u00e8me dit \u2018racleur secondaire\u2019 situ\u00e9 juste apr\u00e8s le point o\u00f9 la bande quitte le tambour de t\u00eate, Coupler un racleur primaire et secondaire est particuli\u00e8rement utile pour [&hellip;]<\/p>\n","protected":false},"author":1,"featured_media":1329,"parent":959,"menu_order":0,"comment_status":"closed","ping_status":"closed","template":"","meta":{"_editorskit_title_hidden":false,"_editorskit_reading_time":1,"_editorskit_is_block_options_detached":false,"_editorskit_block_options_position":"{}","ghostkit_customizer_options":"","ghostkit_custom_css":"","ghostkit_custom_js_head":"","ghostkit_custom_js_foot":"","ghostkit_typography":"","slim_seo":{"title":"Racleurs et Brosses - NETCO","description":"Les avantages : Les racleurs primaires Diff\u00e9rentes options de lames sont possibles comme des lames en polyur\u00e9thane, carbure de tungst\u00e8ne\u2026 Les racleurs secondair"},"footnotes":""},"class_list":["post-1378","page","type-page","status-publish","has-post-thumbnail","hentry"],"_links":{"self":[{"href":"https:\/\/www.groupe-netco.com\/fr\/wp-json\/wp\/v2\/pages\/1378","targetHints":{"allow":["GET"]}}],"collection":[{"href":"https:\/\/www.groupe-netco.com\/fr\/wp-json\/wp\/v2\/pages"}],"about":[{"href":"https:\/\/www.groupe-netco.com\/fr\/wp-json\/wp\/v2\/types\/page"}],"author":[{"embeddable":true,"href":"https:\/\/www.groupe-netco.com\/fr\/wp-json\/wp\/v2\/users\/1"}],"replies":[{"embeddable":true,"href":"https:\/\/www.groupe-netco.com\/fr\/wp-json\/wp\/v2\/comments?post=1378"}],"version-history":[{"count":14,"href":"https:\/\/www.groupe-netco.com\/fr\/wp-json\/wp\/v2\/pages\/1378\/revisions"}],"predecessor-version":[{"id":4552,"href":"https:\/\/www.groupe-netco.com\/fr\/wp-json\/wp\/v2\/pages\/1378\/revisions\/4552"}],"up":[{"embeddable":true,"href":"https:\/\/www.groupe-netco.com\/fr\/wp-json\/wp\/v2\/pages\/959"}],"wp:featuredmedia":[{"embeddable":true,"href":"https:\/\/www.groupe-netco.com\/fr\/wp-json\/wp\/v2\/media\/1329"}],"wp:attachment":[{"href":"https:\/\/www.groupe-netco.com\/fr\/wp-json\/wp\/v2\/media?parent=1378"}],"curies":[{"name":"wp","href":"https:\/\/api.w.org\/{rel}","templated":true}]}}