{"id":1365,"date":"2022-09-02T13:11:57","date_gmt":"2022-09-02T11:11:57","guid":{"rendered":"https:\/\/netco.lasolutionglobale.be\/?page_id=1365"},"modified":"2022-10-06T13:12:33","modified_gmt":"2022-10-06T11:12:33","slug":"auges-et-impacts","status":"publish","type":"page","link":"https:\/\/www.groupe-netco.com\/fr\/services-et-produits\/produits\/manutention-lourde\/auges-et-impacts","title":{"rendered":"Auges et impacts"},"content":{"rendered":"\n<div class=\"wp-block-group ghostkit-custom-1VbGAm is-style-icones-secteurs is-nowrap is-layout-flex wp-container-core-group-is-layout-ad2f72ca wp-block-group-is-layout-flex\">\n<figure class=\"wp-block-image aligncenter size-full\"><img loading=\"lazy\" decoding=\"async\" width=\"257\" height=\"250\" src=\"https:\/\/www.groupe-netco.com\/wp-content\/uploads\/2022\/09\/environnement-dechets.png\" alt=\"environnement-dechets\" class=\"wp-image-1338\"\/><figcaption>Environnement, valorisation des d\u00e9chets<\/figcaption><\/figure>\n\n\n\n<figure class=\"wp-block-image aligncenter size-full\"><img loading=\"lazy\" decoding=\"async\" width=\"348\" height=\"250\" src=\"https:\/\/www.groupe-netco.com\/wp-content\/uploads\/2022\/09\/energie.png\" alt=\"energie\" class=\"wp-image-1337\" srcset=\"https:\/\/www.groupe-netco.com\/wp-content\/uploads\/2022\/09\/energie.png 348w, https:\/\/www.groupe-netco.com\/wp-content\/uploads\/2022\/09\/energie-300x216.png 300w\" sizes=\"auto, (max-width: 348px) 100vw, 348px\" \/><figcaption>\u00c9nergie<\/figcaption><\/figure>\n\n\n\n<figure class=\"wp-block-image aligncenter size-full\"><img loading=\"lazy\" decoding=\"async\" width=\"351\" height=\"250\" src=\"https:\/\/www.groupe-netco.com\/wp-content\/uploads\/2022\/09\/industrieminerale.png\" alt=\"industrieminerale\" class=\"wp-image-1339\" srcset=\"https:\/\/www.groupe-netco.com\/wp-content\/uploads\/2022\/09\/industrieminerale.png 351w, https:\/\/www.groupe-netco.com\/wp-content\/uploads\/2022\/09\/industrieminerale-300x214.png 300w\" sizes=\"auto, (max-width: 351px) 100vw, 351px\" \/><figcaption>Industrie min\u00e9rale, carri\u00e8re, sabli\u00e8re<\/figcaption><\/figure>\n\n\n\n<figure class=\"wp-block-image aligncenter size-full\"><img loading=\"lazy\" decoding=\"async\" width=\"239\" height=\"250\" src=\"https:\/\/www.groupe-netco.com\/wp-content\/uploads\/2022\/09\/bois-derives.png\" alt=\"bois-derives\" class=\"wp-image-1335\"\/><figcaption>Industrie bois et d\u00e9riv\u00e9s<\/figcaption><\/figure>\n\n\n\n<figure class=\"wp-block-image aligncenter size-full\"><img loading=\"lazy\" decoding=\"async\" width=\"228\" height=\"250\" src=\"https:\/\/www.groupe-netco.com\/wp-content\/uploads\/2022\/09\/siderurgie-metallurgie.png\" alt=\"siderurgie-metallurgie\" class=\"wp-image-1342\"\/><figcaption>Sid\u00e9rurgie, m\u00e9talurgie<\/figcaption><\/figure>\n\n\n\n<figure class=\"wp-block-image aligncenter size-full\"><img loading=\"lazy\" decoding=\"async\" width=\"334\" height=\"250\" src=\"https:\/\/www.groupe-netco.com\/wp-content\/uploads\/2022\/09\/machines-agricoles.png\" alt=\"machines-agricoles\" class=\"wp-image-1341\" srcset=\"https:\/\/www.groupe-netco.com\/wp-content\/uploads\/2022\/09\/machines-agricoles.png 334w, https:\/\/www.groupe-netco.com\/wp-content\/uploads\/2022\/09\/machines-agricoles-300x225.png 300w\" sizes=\"auto, (max-width: 334px) 100vw, 334px\" \/><figcaption>Machines agricoles<\/figcaption><\/figure>\n<\/div>\n\n\n\n<p class=\"has-text-align-left\">Installer des barres ou auges d&rsquo;impact offre le plus haut niveau de confinement des mat\u00e9riaux et de protection de la bande. <br>Ils ont \u00e9t\u00e9 sp\u00e9cialement con\u00e7us pour amortir l&rsquo;\u00e9nergie de l&rsquo;impact, r\u00e9duire les vibrations dommageables et allonger la dur\u00e9e de vie de la bande.<\/p>\n\n\n\n<p><strong>Les stations \u00e9quip\u00e9es de rouleaux amortisseurs ou patins de glissement&nbsp;:<\/strong><\/p>\n\n\n\n<ul class=\"wp-block-list\"><li>pas de modification des stations existantes (si \u00e9quip\u00e9es de rouleaux),<\/li><li>s\u2019utilisent en lieu et place des rouleaux mines,<\/li><li>assurent une limitation de l\u2019impact et prot\u00e8ge la bande.<\/li><\/ul>\n\n\n\n<div class=\"wp-block-columns is-layout-flex wp-container-core-columns-is-layout-9d6595d7 wp-block-columns-is-layout-flex\">\n<div class=\"wp-block-column is-layout-flow wp-block-column-is-layout-flow\">\n<figure class=\"wp-block-image size-full zoom\"><img loading=\"lazy\" decoding=\"async\" width=\"1000\" height=\"1000\" src=\"https:\/\/www.groupe-netco.com\/wp-content\/uploads\/2022\/09\/rouleaux-amortisseurs.jpg\" alt=\"\" class=\"wp-image-1496\" srcset=\"https:\/\/www.groupe-netco.com\/wp-content\/uploads\/2022\/09\/rouleaux-amortisseurs.jpg 1000w, https:\/\/www.groupe-netco.com\/wp-content\/uploads\/2022\/09\/rouleaux-amortisseurs-300x300.jpg 300w, https:\/\/www.groupe-netco.com\/wp-content\/uploads\/2022\/09\/rouleaux-amortisseurs-150x150.jpg 150w, https:\/\/www.groupe-netco.com\/wp-content\/uploads\/2022\/09\/rouleaux-amortisseurs-768x768.jpg 768w\" sizes=\"auto, (max-width: 1000px) 100vw, 1000px\" \/><\/figure>\n<\/div>\n\n\n\n<div class=\"wp-block-column is-layout-flow wp-block-column-is-layout-flow\">\n<figure class=\"wp-block-image size-large is-resized zoom\"><img loading=\"lazy\" decoding=\"async\" src=\"https:\/\/www.groupe-netco.com\/wp-content\/uploads\/2022\/10\/patin-glissement-1-1024x612.jpg\" alt=\"\" class=\"wp-image-4425\" width=\"392\" height=\"234\" srcset=\"https:\/\/www.groupe-netco.com\/wp-content\/uploads\/2022\/10\/patin-glissement-1-1024x612.jpg 1024w, https:\/\/www.groupe-netco.com\/wp-content\/uploads\/2022\/10\/patin-glissement-1-300x179.jpg 300w, https:\/\/www.groupe-netco.com\/wp-content\/uploads\/2022\/10\/patin-glissement-1-768x459.jpg 768w, https:\/\/www.groupe-netco.com\/wp-content\/uploads\/2022\/10\/patin-glissement-1.jpg 1029w\" sizes=\"auto, (max-width: 392px) 100vw, 392px\" \/><\/figure>\n<\/div>\n\n\n\n<div class=\"wp-block-column is-layout-flow wp-block-column-is-layout-flow\"><\/div>\n<\/div>\n\n\n\n<p><strong>Les stations \u00e9quip\u00e9es de barres d\u2019impact&nbsp;:<\/strong><\/p>\n\n\n\n<ul class=\"wp-block-list\"><li>\u00e9l\u00e9ments interchangeables,<\/li><li>assurent une limitation de l\u2019impact et prot\u00e8gent la bande,<\/li><\/ul>\n\n\n\n<div class=\"wp-block-columns is-layout-flex wp-container-core-columns-is-layout-9d6595d7 wp-block-columns-is-layout-flex\">\n<div class=\"wp-block-column is-layout-flow wp-block-column-is-layout-flow\">\n<figure class=\"wp-block-image size-large\"><img loading=\"lazy\" decoding=\"async\" width=\"1024\" height=\"724\" src=\"https:\/\/www.groupe-netco.com\/wp-content\/uploads\/2022\/10\/perspective-auge-de-reception-barres-dimpact-NETCO-2-1024x724.jpeg\" alt=\"\" class=\"wp-image-4431\" srcset=\"https:\/\/www.groupe-netco.com\/wp-content\/uploads\/2022\/10\/perspective-auge-de-reception-barres-dimpact-NETCO-2-1024x724.jpeg 1024w, https:\/\/www.groupe-netco.com\/wp-content\/uploads\/2022\/10\/perspective-auge-de-reception-barres-dimpact-NETCO-2-300x212.jpeg 300w, https:\/\/www.groupe-netco.com\/wp-content\/uploads\/2022\/10\/perspective-auge-de-reception-barres-dimpact-NETCO-2-768x543.jpeg 768w, https:\/\/www.groupe-netco.com\/wp-content\/uploads\/2022\/10\/perspective-auge-de-reception-barres-dimpact-NETCO-2-1536x1086.jpeg 1536w, https:\/\/www.groupe-netco.com\/wp-content\/uploads\/2022\/10\/perspective-auge-de-reception-barres-dimpact-NETCO-2-2048x1448.jpeg 2048w\" sizes=\"auto, (max-width: 1024px) 100vw, 1024px\" \/><\/figure>\n<\/div>\n\n\n\n<div class=\"wp-block-column is-layout-flow wp-block-column-is-layout-flow\">\n<figure class=\"wp-block-image size-large\"><img loading=\"lazy\" decoding=\"async\" width=\"1024\" height=\"724\" src=\"https:\/\/www.groupe-netco.com\/wp-content\/uploads\/2022\/10\/plan-auge-de-reception-barres-dimpact-NETCO-1-1024x724.jpeg\" alt=\"\" class=\"wp-image-4433\" srcset=\"https:\/\/www.groupe-netco.com\/wp-content\/uploads\/2022\/10\/plan-auge-de-reception-barres-dimpact-NETCO-1-1024x724.jpeg 1024w, https:\/\/www.groupe-netco.com\/wp-content\/uploads\/2022\/10\/plan-auge-de-reception-barres-dimpact-NETCO-1-300x212.jpeg 300w, https:\/\/www.groupe-netco.com\/wp-content\/uploads\/2022\/10\/plan-auge-de-reception-barres-dimpact-NETCO-1-768x543.jpeg 768w, https:\/\/www.groupe-netco.com\/wp-content\/uploads\/2022\/10\/plan-auge-de-reception-barres-dimpact-NETCO-1-1536x1086.jpeg 1536w, https:\/\/www.groupe-netco.com\/wp-content\/uploads\/2022\/10\/plan-auge-de-reception-barres-dimpact-NETCO-1-2048x1448.jpeg 2048w\" sizes=\"auto, (max-width: 1024px) 100vw, 1024px\" \/><\/figure>\n<\/div>\n\n\n\n<div class=\"wp-block-column is-layout-flow wp-block-column-is-layout-flow\"><\/div>\n<\/div>\n\n\n\n<p><strong>Les auges de r\u00e9ception&nbsp;:<\/strong><\/p>\n\n\n\n<ul class=\"wp-block-list\"><li>plusieurs mod\u00e8les et technologies selon la configuration,<\/li><li>amortissent avec efficacit\u00e9 l\u2019impact,<\/li><li>prot\u00e8gent la bande des poin\u00e7onnements,<\/li><li>mouvement vertical lors de la chute de la mati\u00e8re,<\/li><li>am\u00e9liorent le centrage de la bande,<\/li><li>permettent d\u2019effectuer la transition d\u2019auge,<\/li><li>limitent les fuites de mat\u00e9riaux aux points de chargement.<\/li><\/ul>\n\n\n\n<div class=\"wp-block-columns is-layout-flex wp-container-core-columns-is-layout-9d6595d7 wp-block-columns-is-layout-flex\">\n<div class=\"wp-block-column is-layout-flow wp-block-column-is-layout-flow\">\n<figure class=\"wp-block-image size-full is-resized\"><img loading=\"lazy\" decoding=\"async\" src=\"https:\/\/www.groupe-netco.com\/wp-content\/uploads\/2022\/09\/auge-de-reception.png\" alt=\"\" class=\"wp-image-1498\" width=\"225\" height=\"205\" srcset=\"https:\/\/www.groupe-netco.com\/wp-content\/uploads\/2022\/09\/auge-de-reception.png 449w, https:\/\/www.groupe-netco.com\/wp-content\/uploads\/2022\/09\/auge-de-reception-300x274.png 300w\" sizes=\"auto, (max-width: 225px) 100vw, 225px\" \/><\/figure>\n<\/div>\n\n\n\n<div class=\"wp-block-column is-layout-flow wp-block-column-is-layout-flow\">\n<figure class=\"wp-block-image size-full\"><img loading=\"lazy\" decoding=\"async\" width=\"839\" height=\"530\" src=\"https:\/\/www.groupe-netco.com\/wp-content\/uploads\/2022\/10\/AUGE-FLEXAL.jpg\" alt=\"\" class=\"wp-image-4438\" srcset=\"https:\/\/www.groupe-netco.com\/wp-content\/uploads\/2022\/10\/AUGE-FLEXAL.jpg 839w, https:\/\/www.groupe-netco.com\/wp-content\/uploads\/2022\/10\/AUGE-FLEXAL-300x190.jpg 300w, https:\/\/www.groupe-netco.com\/wp-content\/uploads\/2022\/10\/AUGE-FLEXAL-768x485.jpg 768w\" sizes=\"auto, (max-width: 839px) 100vw, 839px\" \/><\/figure>\n<\/div>\n\n\n\n<div class=\"wp-block-column is-layout-flow wp-block-column-is-layout-flow\"><\/div>\n<\/div>\n\n\n\n<div class=\"wp-block-group is-style-lightgray-section ghostkit-custom-Z1dfC0B is-layout-flow wp-block-group-is-layout-flow\">\n<h2 class=\"has-text-align-center wp-block-heading\">NETCO fait la diff\u00e9rence<\/h2>\n\n\n\n<p class=\"has-text-align-center\">Nos principaux atouts qui vous assurent une prestation de haute qualit\u00e9 :<\/p>\n\n\n\n<div class=\"wp-block-group is-style-services is-layout-flow wp-block-group-is-layout-flow\">\n<div class=\"wp-block-group is-layout-flow wp-block-group-is-layout-flow\">\n<p>Raison n\u00b01<\/p>\n\n\n\n<p>Acc\u00e8s \u00e0 toutes les gammes avec une logistique performante et une ind\u00e9pendance technique<\/p>\n<\/div>\n\n\n\n<div class=\"wp-block-group is-layout-flow wp-block-group-is-layout-flow\">\n<p>Raison n\u00b02<\/p>\n\n\n\n<p>Nos collaborateurs sp\u00e9cialistes, hautement qualifi\u00e9s et form\u00e9s sont disponibles 24\/7 !<\/p>\n<\/div>\n\n\n\n<div class=\"wp-block-group is-layout-flow wp-block-group-is-layout-flow\">\n<p>Raison n\u00b03<\/p>\n\n\n\n<p>Plus de 120 ans d\u2019exp\u00e9rience et d\u2019expertise que nous partageons avec nos clients.<\/p>\n<\/div>\n<\/div>\n<\/div>\n","protected":false},"excerpt":{"rendered":"<p>Installer des barres ou auges d&rsquo;impact offre le plus haut niveau de confinement des mat\u00e9riaux et de protection de la bande. Ils ont \u00e9t\u00e9 sp\u00e9cialement con\u00e7us pour amortir l&rsquo;\u00e9nergie de l&rsquo;impact, r\u00e9duire les vibrations dommageables et allonger la dur\u00e9e de vie de la bande. Les stations \u00e9quip\u00e9es de rouleaux amortisseurs ou patins de glissement&nbsp;: pas [&hellip;]<\/p>\n","protected":false},"author":1,"featured_media":1329,"parent":959,"menu_order":0,"comment_status":"closed","ping_status":"closed","template":"","meta":{"_editorskit_title_hidden":false,"_editorskit_reading_time":1,"_editorskit_is_block_options_detached":false,"_editorskit_block_options_position":"{}","ghostkit_customizer_options":"","ghostkit_custom_css":"","ghostkit_custom_js_head":"","ghostkit_custom_js_foot":"","ghostkit_typography":"","slim_seo":{"title":"Auges et impacts - NETCO","description":"Installer des barres ou auges d'impact offre le plus haut niveau de confinement des mat\u00e9riaux et de protection de la bande. Ils ont \u00e9t\u00e9 sp\u00e9cialement con\u00e7us pour"},"footnotes":""},"class_list":["post-1365","page","type-page","status-publish","has-post-thumbnail","hentry"],"_links":{"self":[{"href":"https:\/\/www.groupe-netco.com\/fr\/wp-json\/wp\/v2\/pages\/1365","targetHints":{"allow":["GET"]}}],"collection":[{"href":"https:\/\/www.groupe-netco.com\/fr\/wp-json\/wp\/v2\/pages"}],"about":[{"href":"https:\/\/www.groupe-netco.com\/fr\/wp-json\/wp\/v2\/types\/page"}],"author":[{"embeddable":true,"href":"https:\/\/www.groupe-netco.com\/fr\/wp-json\/wp\/v2\/users\/1"}],"replies":[{"embeddable":true,"href":"https:\/\/www.groupe-netco.com\/fr\/wp-json\/wp\/v2\/comments?post=1365"}],"version-history":[{"count":24,"href":"https:\/\/www.groupe-netco.com\/fr\/wp-json\/wp\/v2\/pages\/1365\/revisions"}],"predecessor-version":[{"id":4545,"href":"https:\/\/www.groupe-netco.com\/fr\/wp-json\/wp\/v2\/pages\/1365\/revisions\/4545"}],"up":[{"embeddable":true,"href":"https:\/\/www.groupe-netco.com\/fr\/wp-json\/wp\/v2\/pages\/959"}],"wp:featuredmedia":[{"embeddable":true,"href":"https:\/\/www.groupe-netco.com\/fr\/wp-json\/wp\/v2\/media\/1329"}],"wp:attachment":[{"href":"https:\/\/www.groupe-netco.com\/fr\/wp-json\/wp\/v2\/media?parent=1365"}],"curies":[{"name":"wp","href":"https:\/\/api.w.org\/{rel}","templated":true}]}}