{"id":5260,"date":"2022-10-06T14:50:20","date_gmt":"2022-10-06T12:50:20","guid":{"rendered":"https:\/\/www.groupe-netco.com\/services-and-products\/services-maintenance\/unclogging-of-hoppers-and-silos"},"modified":"2022-11-28T18:14:04","modified_gmt":"2022-11-28T17:14:04","slug":"unclogging-of-hoppers-and-silos","status":"publish","type":"page","link":"https:\/\/www.groupe-netco.com\/en\/services-and-products\/services-maintenance\/unclogging-of-hoppers-and-silos","title":{"rendered":"Unclogging of hoppers and silos"},"content":{"rendered":"\n<div class=\"wp-block-group is-style-white-section-yellow-shadow is-layout-flow wp-block-group-is-layout-flow\"><nav class=\"breadcrumbs\" aria-label=\"Breadcrumbs\"><a href=\"https:\/\/www.groupe-netco.com\/en\" class=\"breadcrumb breadcrumb--first\">Home<\/a><\/nav>\n\n\n\n<h2 class=\"wp-block-heading\">A solution for difficult flow problems:<br>AIRSWEEP!<\/h2>\n\n\n\n<p><\/p>\n\n\n\n<p><strong>Immediate emptying of materials<\/strong><\/p>\n\n\n\n<ul class=\"wp-block-list\"><li>Easy to mount and maintain from the outside<\/li><li>Cost-effective and low consumption  <\/li><li>Uses only 10 CFM \/ 6m3\/hr of air for a typical application<\/li><li>Easy installation on silos requiring emptying, bins, hoppers or chutes made of metal, concrete, wood or fiberglass<\/li><\/ul>\n\n\n\n<div class=\"wp-block-columns is-layout-flex wp-container-core-columns-is-layout-9d6595d7 wp-block-columns-is-layout-flex\">\n<div class=\"wp-block-column is-layout-flow wp-block-column-is-layout-flow\">\n<figure class=\"wp-block-image size-full\"><img loading=\"lazy\" decoding=\"async\" width=\"598\" height=\"510\" src=\"https:\/\/www.groupe-netco.com\/wp-content\/uploads\/2022\/10\/HeaderDiagramx1.png\" alt=\"HeaderDiagramx1\" class=\"wp-image-4745\" srcset=\"https:\/\/www.groupe-netco.com\/wp-content\/uploads\/2022\/10\/HeaderDiagramx1.png 598w, https:\/\/www.groupe-netco.com\/wp-content\/uploads\/2022\/10\/HeaderDiagramx1-300x256.png 300w\" sizes=\"auto, (max-width: 598px) 100vw, 598px\" \/><\/figure>\n<\/div>\n\n\n\n<div class=\"wp-block-column is-layout-flow wp-block-column-is-layout-flow\" style=\"flex-basis:17rem\"><\/div>\n<\/div>\n\n\n\n<div class=\"wp-block-columns is-layout-flex wp-container-core-columns-is-layout-9d6595d7 wp-block-columns-is-layout-flex\">\n<div class=\"wp-block-column is-layout-flow wp-block-column-is-layout-flow\">\n<figure class=\"wp-block-image size-full zoom\"><img loading=\"lazy\" decoding=\"async\" width=\"375\" height=\"301\" src=\"https:\/\/www.groupe-netco.com\/wp-content\/uploads\/2022\/10\/VA-06-on-test-bin-with-inset.jpeg\" alt=\"\" class=\"wp-image-4747\" srcset=\"https:\/\/www.groupe-netco.com\/wp-content\/uploads\/2022\/10\/VA-06-on-test-bin-with-inset.jpeg 375w, https:\/\/www.groupe-netco.com\/wp-content\/uploads\/2022\/10\/VA-06-on-test-bin-with-inset-300x241.jpeg 300w\" sizes=\"auto, (max-width: 375px) 100vw, 375px\" \/><figcaption>Model VA-06<\/figcaption><\/figure>\n<\/div>\n\n\n\n<div class=\"wp-block-column is-layout-flow wp-block-column-is-layout-flow\">\n<figure class=\"wp-block-image size-full zoom\"><img loading=\"lazy\" decoding=\"async\" width=\"375\" height=\"300\" src=\"https:\/\/www.groupe-netco.com\/wp-content\/uploads\/2022\/10\/VA-12-on-test-bin-with-inset.jpeg\" alt=\"\" class=\"wp-image-4751\" srcset=\"https:\/\/www.groupe-netco.com\/wp-content\/uploads\/2022\/10\/VA-12-on-test-bin-with-inset.jpeg 375w, https:\/\/www.groupe-netco.com\/wp-content\/uploads\/2022\/10\/VA-12-on-test-bin-with-inset-300x240.jpeg 300w\" sizes=\"auto, (max-width: 375px) 100vw, 375px\" \/><figcaption>Model VA-12<\/figcaption><\/figure>\n<\/div>\n\n\n\n<div class=\"wp-block-column is-layout-flow wp-block-column-is-layout-flow\">\n<figure class=\"wp-block-image size-full zoom\"><img loading=\"lazy\" decoding=\"async\" width=\"375\" height=\"300\" src=\"https:\/\/www.groupe-netco.com\/wp-content\/uploads\/2022\/10\/VA-51-on-test-bin-with-inset.jpeg\" alt=\"\" class=\"wp-image-4749\" srcset=\"https:\/\/www.groupe-netco.com\/wp-content\/uploads\/2022\/10\/VA-51-on-test-bin-with-inset.jpeg 375w, https:\/\/www.groupe-netco.com\/wp-content\/uploads\/2022\/10\/VA-51-on-test-bin-with-inset-300x240.jpeg 300w\" sizes=\"auto, (max-width: 375px) 100vw, 375px\" \/><figcaption>Model VA-51<\/figcaption><\/figure>\n<\/div>\n<\/div>\n\n\n\n<h2 class=\"has-text-align-center wp-block-heading\">Discover AIRSWEEP in video<\/h2>\n\n\n\n<div class=\"wp-block-columns is-layout-flex wp-container-core-columns-is-layout-9d6595d7 wp-block-columns-is-layout-flex\">\n<div class=\"wp-block-column is-layout-flow wp-block-column-is-layout-flow\" style=\"flex-basis:7rem\"><\/div>\n\n\n\n<div class=\"wp-block-column is-layout-flow wp-block-column-is-layout-flow\">\n<figure class=\"wp-block-embed is-type-video is-provider-youtube wp-block-embed-youtube wp-embed-aspect-16-9 wp-has-aspect-ratio\"><div class=\"wp-block-embed__wrapper\">\n<iframe loading=\"lazy\" title=\"AirSweep Sweeper Nozzle | Best Material Flow Aid System | Control Concepts USA\" width=\"500\" height=\"281\" src=\"\" frameborder=\"0\" allow=\"accelerometer; autoplay; clipboard-write; encrypted-media; gyroscope; picture-in-picture; web-share\" referrerpolicy=\"strict-origin-when-cross-origin\" allowfullscreen data-requires-vendor-consent=\"youtube\" data-src=\"https:\/\/www.youtube-nocookie.com\/embed\/JhAXwjB5djg?feature=oembed\"><\/iframe><div class=\"axeptio-iframe-consent\" data-hide-on-vendor-consent=\"youtube\">\n        <img decoding=\"async\" src=\"https:\/\/img.youtube.com\/vi\/JhAXwjB5djg\/maxresdefault.jpg\" \/>\n        Vous devez accepter l&#8217;utilisation de cookies par Youtube pour acc\u00e9der \u00e0 cette vid\u00e9o.\n        <button onclick=\"window.axeptioSDK.requestConsent('youtube')\">\n          Modifier mes pr\u00e9f\u00e9rences\n        <\/button>\n      <\/div>\n<\/div><\/figure>\n<\/div>\n\n\n\n<div class=\"wp-block-column is-layout-flow wp-block-column-is-layout-flow\" style=\"flex-basis:7rem\"><\/div>\n<\/div>\n\n\n\n<p><strong>Do not hesitate to contact our sales team for any information  <\/strong><\/p>\n\n\n\n<div style=\"height:1rem\" aria-hidden=\"true\" class=\"wp-block-spacer\"><\/div>\n\n\n\n<div class=\"wp-block-buttons is-content-justification-center is-layout-flex wp-container-core-buttons-is-layout-16018d1d wp-block-buttons-is-layout-flex\">\n<div class=\"wp-block-button is-style-outline is-style-outline--1\"><a class=\"wp-block-button__link\" href=\"https:\/\/www.groupe-netco.com\/en\/contact#formulaire\">Contact us<\/a><\/div>\n<\/div>\n<\/div>\n\n\n\n<div class=\"wp-block-group is-style-lightgray-section is-layout-flow wp-block-group-is-layout-flow\">\n<h2 class=\"has-text-align-center wp-block-heading\">NETCO makes the difference.<\/h2>\n\n\n\n<p class=\"has-text-align-center\">We ensure the distribution of this product in exclusivity on France  <\/p>\n\n\n\n<div class=\"wp-block-group is-style-services is-layout-flow wp-block-group-is-layout-flow\">\n<div class=\"wp-block-group is-layout-flow wp-block-group-is-layout-flow\">\n<p>Reason n\u00b01<\/p>\n\n\n\n<p>A network of over 60 sites in France!<\/p>\n<\/div>\n\n\n\n<div class=\"wp-block-group is-layout-flow wp-block-group-is-layout-flow\">\n<p>Reason n\u00b02<\/p>\n\n\n\n<p>Over 120 years of experience and expertise that we share with our customers.<\/p>\n<\/div>\n\n\n\n<div class=\"wp-block-group is-layout-flow wp-block-group-is-layout-flow\">\n<p>Reason n\u00b03<\/p>\n\n\n\n<p>Access to all ranges with efficient logistics and technical independence<\/p>\n<\/div>\n\n\n\n<div class=\"wp-block-group is-layout-flow wp-block-group-is-layout-flow\">\n<p>Reason n\u00b04<\/p>\n\n\n\n<p>24\/7 interventions on all your operating sites&nbsp;<\/p>\n<\/div>\n<\/div>\n<\/div>\n","protected":false},"excerpt":{"rendered":"<p>A solution for difficult flow problems:AIRSWEEP! Immediate emptying of materials Easy to mount and maintain from the outside Cost-effective and low consumption Uses only 10 CFM \/ 6m3\/hr of air for a typical application Easy installation on silos requiring emptying, bins, hoppers or chutes made of metal, concrete, wood or fiberglass Discover AIRSWEEP in video [&hellip;]<\/p>\n","protected":false},"author":1,"featured_media":4633,"parent":5257,"menu_order":0,"comment_status":"closed","ping_status":"closed","template":"","meta":{"_editorskit_title_hidden":false,"_editorskit_reading_time":0,"_editorskit_is_block_options_detached":false,"_editorskit_block_options_position":"{}","ghostkit_customizer_options":"","ghostkit_custom_css":"","ghostkit_custom_js_head":"","ghostkit_custom_js_foot":"","ghostkit_typography":"","slim_seo":{"title":"Unclogging of hoppers and silos - NETCO","description":"A solution for difficult flow problems: AIRSWEEP! Immediate emptying of materials Discover AIRSWEEP in video https:\/\/www.youtube.com\/watch?v=JhAXwjB5djg&amp;ab_"},"footnotes":""},"class_list":["post-5260","page","type-page","status-publish","has-post-thumbnail","hentry"],"_links":{"self":[{"href":"https:\/\/www.groupe-netco.com\/en\/wp-json\/wp\/v2\/pages\/5260","targetHints":{"allow":["GET"]}}],"collection":[{"href":"https:\/\/www.groupe-netco.com\/en\/wp-json\/wp\/v2\/pages"}],"about":[{"href":"https:\/\/www.groupe-netco.com\/en\/wp-json\/wp\/v2\/types\/page"}],"author":[{"embeddable":true,"href":"https:\/\/www.groupe-netco.com\/en\/wp-json\/wp\/v2\/users\/1"}],"replies":[{"embeddable":true,"href":"https:\/\/www.groupe-netco.com\/en\/wp-json\/wp\/v2\/comments?post=5260"}],"version-history":[{"count":1,"href":"https:\/\/www.groupe-netco.com\/en\/wp-json\/wp\/v2\/pages\/5260\/revisions"}],"predecessor-version":[{"id":5261,"href":"https:\/\/www.groupe-netco.com\/en\/wp-json\/wp\/v2\/pages\/5260\/revisions\/5261"}],"up":[{"embeddable":true,"href":"https:\/\/www.groupe-netco.com\/en\/wp-json\/wp\/v2\/pages\/5257"}],"wp:featuredmedia":[{"embeddable":true,"href":"https:\/\/www.groupe-netco.com\/en\/wp-json\/wp\/v2\/media\/4633"}],"wp:attachment":[{"href":"https:\/\/www.groupe-netco.com\/en\/wp-json\/wp\/v2\/media?parent=5260"}],"curies":[{"name":"wp","href":"https:\/\/api.w.org\/{rel}","templated":true}]}}