{"id":5251,"date":"2022-09-13T15:33:52","date_gmt":"2022-09-13T13:33:52","guid":{"rendered":"https:\/\/www.groupe-netco.com\/services-and-products\/products\/geared-motors-motors-bearings-bearings"},"modified":"2022-09-13T15:33:52","modified_gmt":"2022-09-13T13:33:52","slug":"geared-motors-motors-bearings-bearings","status":"publish","type":"page","link":"https:\/\/www.groupe-netco.com\/en\/services-and-products\/products\/geared-motors-motors-bearings-bearings","title":{"rendered":"Geared motors, motors, bearings, bearings"},"content":{"rendered":"\n<div class=\"wp-block-group is-style-icones-secteurs ghostkit-custom-ZbWYtS is-nowrap is-layout-flex wp-container-core-group-is-layout-ad2f72ca wp-block-group-is-layout-flex\">\n<figure class=\"wp-block-image aligncenter size-full\"><img loading=\"lazy\" decoding=\"async\" width=\"257\" height=\"250\" src=\"https:\/\/www.groupe-netco.com\/wp-content\/uploads\/2022\/09\/environnement-dechets.png\" alt=\"environnement-dechets\" class=\"wp-image-1338\"\/><figcaption>Environnement, valorisation des d\u00e9chets<\/figcaption><\/figure>\n\n\n\n<figure class=\"wp-block-image aligncenter size-full\"><img loading=\"lazy\" decoding=\"async\" width=\"255\" height=\"250\" src=\"https:\/\/www.groupe-netco.com\/wp-content\/uploads\/2022\/09\/logistique.png\" alt=\"logistique\" class=\"wp-image-1340\"\/><figcaption>Logistique<\/figcaption><\/figure>\n\n\n\n<figure class=\"wp-block-image aligncenter size-full\"><img loading=\"lazy\" decoding=\"async\" width=\"200\" height=\"250\" src=\"https:\/\/www.groupe-netco.com\/wp-content\/uploads\/2022\/09\/agroaliementaire.png\" alt=\"agroalimentaire\" class=\"wp-image-1334\"\/><figcaption>Agroalimentaire<\/figcaption><\/figure>\n\n\n\n<figure class=\"wp-block-image aligncenter size-full\"><img loading=\"lazy\" decoding=\"async\" width=\"348\" height=\"250\" src=\"https:\/\/www.groupe-netco.com\/wp-content\/uploads\/2022\/09\/energie.png\" alt=\"energie\" class=\"wp-image-1337\" srcset=\"https:\/\/www.groupe-netco.com\/wp-content\/uploads\/2022\/09\/energie.png 348w, https:\/\/www.groupe-netco.com\/wp-content\/uploads\/2022\/09\/energie-300x216.png 300w\" sizes=\"auto, (max-width: 348px) 100vw, 348px\" \/><figcaption>\u00c9nergie<\/figcaption><\/figure>\n\n\n\n<figure class=\"wp-block-image aligncenter size-full\"><img loading=\"lazy\" decoding=\"async\" width=\"351\" height=\"250\" src=\"https:\/\/www.groupe-netco.com\/wp-content\/uploads\/2022\/09\/industrieminerale.png\" alt=\"industrieminerale\" class=\"wp-image-1339\" srcset=\"https:\/\/www.groupe-netco.com\/wp-content\/uploads\/2022\/09\/industrieminerale.png 351w, https:\/\/www.groupe-netco.com\/wp-content\/uploads\/2022\/09\/industrieminerale-300x214.png 300w\" sizes=\"auto, (max-width: 351px) 100vw, 351px\" \/><figcaption>Industrie min\u00e9rale, carri\u00e8re, sabli\u00e8re<\/figcaption><\/figure>\n\n\n\n<figure class=\"wp-block-image aligncenter size-full\"><img loading=\"lazy\" decoding=\"async\" width=\"241\" height=\"250\" src=\"https:\/\/www.groupe-netco.com\/wp-content\/uploads\/2022\/09\/chimie-pharmaceutique.png\" alt=\"chimie-pharmaceutique\" class=\"wp-image-1336\"\/><figcaption>Chimie, pharmaceutique<\/figcaption><\/figure>\n\n\n\n<figure class=\"wp-block-image aligncenter size-full\"><img loading=\"lazy\" decoding=\"async\" width=\"239\" height=\"250\" src=\"https:\/\/www.groupe-netco.com\/wp-content\/uploads\/2022\/09\/bois-derives.png\" alt=\"bois-derives\" class=\"wp-image-1335\"\/><figcaption>Industrie bois et d\u00e9riv\u00e9s<\/figcaption><\/figure>\n\n\n\n<figure class=\"wp-block-image aligncenter size-full\"><img loading=\"lazy\" decoding=\"async\" width=\"228\" height=\"250\" src=\"https:\/\/www.groupe-netco.com\/wp-content\/uploads\/2022\/09\/siderurgie-metallurgie.png\" alt=\"siderurgie-metallurgie\" class=\"wp-image-1342\"\/><figcaption>Sid\u00e9rurgie, m\u00e9tallurgie<\/figcaption><\/figure>\n\n\n\n<figure class=\"wp-block-image aligncenter size-full\"><img loading=\"lazy\" decoding=\"async\" width=\"334\" height=\"250\" src=\"https:\/\/www.groupe-netco.com\/wp-content\/uploads\/2022\/09\/machines-agricoles.png\" alt=\"machines-agricoles\" class=\"wp-image-1341\" srcset=\"https:\/\/www.groupe-netco.com\/wp-content\/uploads\/2022\/09\/machines-agricoles.png 334w, https:\/\/www.groupe-netco.com\/wp-content\/uploads\/2022\/09\/machines-agricoles-300x225.png 300w\" sizes=\"auto, (max-width: 334px) 100vw, 334px\" \/><figcaption>Machines agricoles<\/figcaption><\/figure>\n<\/div>\n\n\n\n<h2 class=\"wp-block-heading\">Advantages of our range :<\/h2>\n\n\n\n<ul class=\"wp-block-list\"><li>Compact and allow for optimal sizing thanks to harmoniously staggered sizes.<\/li><li>Exceptionally high efficiency due to precise gear cutting<\/li><li>Very quiet thanks to the optimization of the first gear train, which also allows for large reduction ratios in a single gearbox.<\/li><li>Easily integrated into new or existing installations and interchangeable with other premium brands on the market.<\/li><li>Offer specific options to meet your application requirements (seals, high load bearings, backstops, control accessories, etc.)<\/li><li>They are available with integrated motors and IEC standard motors and can also be combined with IE4 reluctance synchronous motors.<\/li><li>The motors can be equipped with brakes or backstops, encoder and forced ventilation.<\/li><\/ul>\n\n\n\n<h2 class=\"wp-block-heading\">Assembly &#8211; Maintenance<\/h2>\n\n\n\n<ul class=\"wp-block-list\"><li>Our experienced technicians ensure the assembly of the gearmotors,<\/li><li>We have a workshop for the maintenance of electric motors: Winding, change of bearings&#8230;..<\/li><\/ul>\n\n\n\n<div style=\"height:1rem\" aria-hidden=\"true\" class=\"wp-block-spacer\"><\/div>\n\n\n\n<div class=\"wp-block-columns is-layout-flex wp-container-core-columns-is-layout-9d6595d7 wp-block-columns-is-layout-flex\">\n<div class=\"wp-block-column is-layout-flow wp-block-column-is-layout-flow\">\n<figure class=\"wp-block-image size-large zoom\"><img loading=\"lazy\" decoding=\"async\" width=\"1024\" height=\"683\" src=\"https:\/\/www.groupe-netco.com\/wp-content\/uploads\/2022\/10\/motoreducteur-1-1024x683.jpeg\" alt=\"\" class=\"wp-image-3915\" srcset=\"https:\/\/www.groupe-netco.com\/wp-content\/uploads\/2022\/10\/motoreducteur-1-1024x683.jpeg 1024w, https:\/\/www.groupe-netco.com\/wp-content\/uploads\/2022\/10\/motoreducteur-1-300x200.jpeg 300w, https:\/\/www.groupe-netco.com\/wp-content\/uploads\/2022\/10\/motoreducteur-1-768x512.jpeg 768w, https:\/\/www.groupe-netco.com\/wp-content\/uploads\/2022\/10\/motoreducteur-1-1536x1024.jpeg 1536w, https:\/\/www.groupe-netco.com\/wp-content\/uploads\/2022\/10\/motoreducteur-1.jpeg 2048w\" sizes=\"auto, (max-width: 1024px) 100vw, 1024px\" \/><\/figure>\n<\/div>\n\n\n\n<div class=\"wp-block-column is-layout-flow wp-block-column-is-layout-flow\">\n<figure class=\"wp-block-image size-full zoom\"><img loading=\"lazy\" decoding=\"async\" width=\"1024\" height=\"683\" src=\"https:\/\/www.groupe-netco.com\/wp-content\/uploads\/2022\/10\/SNT511_DOUBLE-LIP-Exploded-copie.jpeg\" alt=\"\" class=\"wp-image-3937\" srcset=\"https:\/\/www.groupe-netco.com\/wp-content\/uploads\/2022\/10\/SNT511_DOUBLE-LIP-Exploded-copie.jpeg 1024w, https:\/\/www.groupe-netco.com\/wp-content\/uploads\/2022\/10\/SNT511_DOUBLE-LIP-Exploded-copie-300x200.jpeg 300w, https:\/\/www.groupe-netco.com\/wp-content\/uploads\/2022\/10\/SNT511_DOUBLE-LIP-Exploded-copie-768x512.jpeg 768w\" sizes=\"auto, (max-width: 1024px) 100vw, 1024px\" \/><\/figure>\n<\/div>\n\n\n\n<div class=\"wp-block-column is-layout-flow wp-block-column-is-layout-flow\"><\/div>\n<\/div>\n\n\n\n<div class=\"wp-block-columns is-layout-flex wp-container-core-columns-is-layout-9d6595d7 wp-block-columns-is-layout-flex\">\n<div class=\"wp-block-column is-layout-flow wp-block-column-is-layout-flow\">\n<figure class=\"wp-block-image size-large is-resized zoom\"><img loading=\"lazy\" decoding=\"async\" src=\"https:\/\/www.groupe-netco.com\/wp-content\/uploads\/2022\/10\/20220208_155432-copie-1024x885.jpg\" alt=\"\" class=\"wp-image-4557\" width=\"512\" height=\"349\"><\/figure>\n<\/div>\n\n\n\n<div class=\"wp-block-column is-layout-flow wp-block-column-is-layout-flow\">\n<figure class=\"wp-block-image size-large is-resized zoom\"><img loading=\"lazy\" decoding=\"async\" src=\"https:\/\/www.groupe-netco.com\/wp-content\/uploads\/2022\/10\/20211213_173621-1024x696.jpg\" alt=\"\" class=\"wp-image-4561\" width=\"512\" height=\"348\" srcset=\"https:\/\/www.groupe-netco.com\/wp-content\/uploads\/2022\/10\/20211213_173621-1024x696.jpg 1024w, https:\/\/www.groupe-netco.com\/wp-content\/uploads\/2022\/10\/20211213_173621-300x204.jpg 300w, https:\/\/www.groupe-netco.com\/wp-content\/uploads\/2022\/10\/20211213_173621-768x522.jpg 768w, https:\/\/www.groupe-netco.com\/wp-content\/uploads\/2022\/10\/20211213_173621-1536x1044.jpg 1536w, https:\/\/www.groupe-netco.com\/wp-content\/uploads\/2022\/10\/20211213_173621.jpg 2000w\" sizes=\"auto, (max-width: 512px) 100vw, 512px\" \/><\/figure>\n<\/div>\n\n\n\n<div class=\"wp-block-column is-layout-flow wp-block-column-is-layout-flow\"><\/div>\n<\/div>\n\n\n\n<div class=\"wp-block-group is-style-lightgray-section ghostkit-custom-Z1dfC0B is-layout-flow wp-block-group-is-layout-flow\">\n<h2 class=\"has-text-align-center wp-block-heading\">NETCO makes the difference<\/h2>\n\n\n\n<p class=\"has-text-align-center\">Our main assets that ensure you a high quality service  <\/p>\n\n\n\n<div class=\"wp-block-group is-style-services is-layout-flow wp-block-group-is-layout-flow\">\n<div class=\"wp-block-group is-layout-flow wp-block-group-is-layout-flow\">\n<p>Reason n\u00b01<\/p>\n\n\n\n<p>Access to all ranges with efficient logistics and technical independence<\/p>\n<\/div>\n\n\n\n<div class=\"wp-block-group is-layout-flow wp-block-group-is-layout-flow\">\n<p>Reason n\u00b02<\/p>\n\n\n\n<p>Our highly qualified and trained specialists are available 24\/7!<\/p>\n<\/div>\n\n\n\n<div class=\"wp-block-group is-layout-flow wp-block-group-is-layout-flow\">\n<p>Reason n\u00b03<\/p>\n\n\n\n<p>Over 120 years of experience and expertise that we share with our clients<\/p>\n<\/div>\n<\/div>\n<\/div>\n","protected":false},"excerpt":{"rendered":"<p>Advantages of our range : Compact and allow for optimal sizing thanks to harmoniously staggered sizes. Exceptionally high efficiency due to precise gear cutting Very quiet thanks to the optimization of the first gear train, which also allows for large reduction ratios in a single gearbox. Easily integrated into new or existing installations and interchangeable [&hellip;]<\/p>\n","protected":false},"author":1,"featured_media":1687,"parent":5204,"menu_order":0,"comment_status":"closed","ping_status":"closed","template":"","meta":{"_editorskit_title_hidden":false,"_editorskit_reading_time":0,"_editorskit_is_block_options_detached":false,"_editorskit_block_options_position":"{}","ghostkit_customizer_options":"","ghostkit_custom_css":"","ghostkit_custom_js_head":"","ghostkit_custom_js_foot":"","ghostkit_typography":"","slim_seo":{"title":"Geared motors, motors, bearings, bearings - NETCO","description":"Advantages of our range : Assembly - Maintenance NETCO makes the difference Our main assets that ensure you a high quality service Reason n\u00b01 Access to all rang"},"footnotes":""},"class_list":["post-5251","page","type-page","status-publish","has-post-thumbnail","hentry"],"_links":{"self":[{"href":"https:\/\/www.groupe-netco.com\/en\/wp-json\/wp\/v2\/pages\/5251","targetHints":{"allow":["GET"]}}],"collection":[{"href":"https:\/\/www.groupe-netco.com\/en\/wp-json\/wp\/v2\/pages"}],"about":[{"href":"https:\/\/www.groupe-netco.com\/en\/wp-json\/wp\/v2\/types\/page"}],"author":[{"embeddable":true,"href":"https:\/\/www.groupe-netco.com\/en\/wp-json\/wp\/v2\/users\/1"}],"replies":[{"embeddable":true,"href":"https:\/\/www.groupe-netco.com\/en\/wp-json\/wp\/v2\/comments?post=5251"}],"version-history":[{"count":0,"href":"https:\/\/www.groupe-netco.com\/en\/wp-json\/wp\/v2\/pages\/5251\/revisions"}],"up":[{"embeddable":true,"href":"https:\/\/www.groupe-netco.com\/en\/wp-json\/wp\/v2\/pages\/5204"}],"wp:featuredmedia":[{"embeddable":true,"href":"https:\/\/www.groupe-netco.com\/en\/wp-json\/wp\/v2\/media\/1687"}],"wp:attachment":[{"href":"https:\/\/www.groupe-netco.com\/en\/wp-json\/wp\/v2\/media?parent=5251"}],"curies":[{"name":"wp","href":"https:\/\/api.w.org\/{rel}","templated":true}]}}